{"id":1460,"date":"2021-06-16T08:56:54","date_gmt":"2021-06-16T08:56:54","guid":{"rendered":"https:\/\/agriturismoilfiordaliso.it\/affittacamere-asti\/"},"modified":"2021-08-04T08:58:28","modified_gmt":"2021-08-04T08:58:28","slug":"die-kornblume","status":"publish","type":"page","link":"https:\/\/agriturismoilfiordaliso.it\/de\/die-kornblume\/","title":{"rendered":"Die Kornblume"},"content":{"rendered":"<p>[vc_row css_animation=&#8220;&#8220; row_type=&#8220;row&#8220; use_row_as_full_screen_section=&#8220;no&#8220; type=&#8220;full_width&#8220; angled_section=&#8220;no&#8220; text_align=&#8220;left&#8220; background_image_as_pattern=&#8220;without_pattern&#8220;][vc_column][vc_empty_space][vc_column_text]<\/p>\n<p class=\"Stile3\">Aus unserer Liebe heraus f\u00fcr die Blumen und vor allem f\u00fcr die Kornblume haben wir diesen Namen f\u00fcr den Agriturismo gew\u00e4hlt. Sie ist eine Landblume, so einfach wie unseres Leben, aber sch\u00f6n und heutzutage selten.<br \/>\nWir pflanzen sie wieder an; ab und an schenken wir interessierten G\u00e4sten einen Ableger oder Samen und laden sie ein, die Bl\u00fctenpracht der Kornblume und des Mohn von Anfang April bis Juni hier bei uns zu bewundern.<\/p>\n<p>Es ist eine sehr alte Blume, von welcher Reste aus der Jungsteinzeit gefunden wurden. Die Kornblume hat hellblau-blaue Bl\u00fcten und ist im ganzen Mittelmeerraum anzutreffen.<br \/>\nMohn und Kornblumen auf reifen Getreidefeldern sind ein charakteristisches Bild des Italiens aus dem letzten Jahrhundert. Viele Legenden basieren auf dieser Blume, deren wissenschaftlicher Name \u201eCentaurea Cyanus\u201c ist. Die \u00e4lteste erz\u00e4hlt da\u03b2 die G\u00f6ttin Flora sich in Cyanus verliebte und nachdem sie ihn auf einem Kornblumenfeld tot fand, w\u00fcnschte da\u03b2 die Blumen seinen Namen tragen sollten. .<\/p>\n<p>Der Name Centaurea stammt hingegen von dem Zentauren Chiron, der von einem giftigen Pfeil Herkules\u2019 am Fu\u00df verletzt wurde und \u00fcberlebte indem er sich mit dem Kornblumensaft kurierte. In Orient, wenn der Verliebte diese Blume seiner Geliebten schenkt, will er seine Hoffnung ausdr\u00fccken das Gl\u00fcck von ihr zu bekommen. In der Sprache der Blumen bedeutet die Kornblume n\u00e4mlich das Gl\u00fcck. Einige verbinden mit ihr wegen ihrer zarten Bl\u00fctenbl\u00e4ttern auch die Leichtigkeit.<\/p>\n<p>Sie ist eine einj\u00e4hrige Sommerpflanze mit aufrechten und verzweigten Stengel und geh\u00f6rt der Gattung der Gr\u00e4ser an. Ihre H\u00f6he betr\u00e4gt zwischen 30 und 80 cm, je nach Art. Sie eignet sich gut f\u00fcr trockene B\u00f6den da ihre Wildform trockene und steinige Felder in der Sonne bevorzugt.<\/p>\n<p>Die Vermehrung erfolgt durch Samen im September, die Bl\u00fctezeit dauert von Mai bis Juli. Schneidet man die verbl\u00fchten K\u00f6pfe ab, kann man die Bl\u00fchdauer der Pflanze verl\u00e4ngern.[\/vc_column_text][vc_empty_space height=&#8220;50px&#8220;][\/vc_column][\/vc_row][vc_row css_animation=&#8220;&#8220; row_type=&#8220;row&#8220; use_row_as_full_screen_section=&#8220;no&#8220; type=&#8220;full_width&#8220; angled_section=&#8220;no&#8220; text_align=&#8220;left&#8220; background_image_as_pattern=&#8220;without_pattern&#8220;][vc_column width=&#8220;1\/4&#8243;][vc_single_image image=&#8220;1203&#8243; img_size=&#8220;full&#8220; alignment=&#8220;center&#8220; onclick=&#8220;img_link_large&#8220; qode_css_animation=&#8220;element_from_left&#8220;][vc_empty_space height=&#8220;50px&#8220;][\/vc_column][vc_column width=&#8220;1\/4&#8243;][vc_single_image image=&#8220;1205&#8243; img_size=&#8220;full&#8220; alignment=&#8220;center&#8220; onclick=&#8220;img_link_large&#8220; qode_css_animation=&#8220;element_from_top&#8220;][vc_empty_space height=&#8220;50px&#8220;][\/vc_column][vc_column width=&#8220;1\/4&#8243;][vc_single_image image=&#8220;1207&#8243; img_size=&#8220;full&#8220; alignment=&#8220;center&#8220; onclick=&#8220;img_link_large&#8220; qode_css_animation=&#8220;element_from_bottom&#8220;][vc_empty_space height=&#8220;50px&#8220;][\/vc_column][vc_column width=&#8220;1\/4&#8243;][vc_single_image image=&#8220;1209&#8243; img_size=&#8220;full&#8220; alignment=&#8220;center&#8220; onclick=&#8220;img_link_large&#8220; qode_css_animation=&#8220;element_from_right&#8220;][vc_empty_space height=&#8220;50px&#8220;][\/vc_column][\/vc_row]<\/p>\n","protected":false},"excerpt":{"rendered":"<p>[vc_row css_animation=&#8220;&#8220; row_type=&#8220;row&#8220; use_row_as_full_screen_section=&#8220;no&#8220; type=&#8220;full_width&#8220; angled_section=&#8220;no&#8220; text_align=&#8220;left&#8220; background_image_as_pattern=&#8220;without_pattern&#8220;][vc_column][vc_empty_space][vc_column_text] Aus unserer Liebe heraus f\u00fcr die Blumen und vor allem f\u00fcr die Kornblume haben wir diesen Namen f\u00fcr den Agriturismo gew\u00e4hlt. Sie ist eine Landblume, so einfach wie unseres Leben, aber sch\u00f6n und heutzutage selten. Wir pflanzen&#8230;<\/p>\n","protected":false},"author":1,"featured_media":0,"parent":0,"menu_order":0,"comment_status":"closed","ping_status":"closed","template":"","meta":[],"yoast_head":"<!-- This site is optimized with the Yoast SEO plugin v19.12 - https:\/\/yoast.com\/wordpress\/plugins\/seo\/ -->\n<title>Affitta camere situato nelle colline astigiane del Piemonte<\/title>\n<meta name=\"description\" content=\"Il Fiordaliso \u00e8 stato scelto come nome del nostro agriturismo in quanto lo amiamo molto, in particolare perch\u00e9 \u00e8 un fiore di campagna.\" \/>\n<meta name=\"robots\" content=\"index, follow, max-snippet:-1, max-image-preview:large, max-video-preview:-1\" \/>\n<link rel=\"canonical\" href=\"https:\/\/agriturismoilfiordaliso.it\/de\/die-kornblume\/\" \/>\n<meta property=\"og:locale\" content=\"de_DE\" \/>\n<meta property=\"og:type\" content=\"article\" \/>\n<meta property=\"og:title\" content=\"Affitta camere situato nelle colline astigiane del Piemonte\" \/>\n<meta property=\"og:description\" content=\"Il Fiordaliso \u00e8 stato scelto come nome del nostro agriturismo in quanto lo amiamo molto, in particolare perch\u00e9 \u00e8 un fiore di campagna.\" \/>\n<meta property=\"og:url\" content=\"https:\/\/agriturismoilfiordaliso.it\/de\/die-kornblume\/\" \/>\n<meta property=\"og:site_name\" content=\"Agriturismo Asti Il Fiordaliso\" \/>\n<meta property=\"article:modified_time\" content=\"2021-08-04T08:58:28+00:00\" \/>\n<meta name=\"twitter:card\" content=\"summary_large_image\" \/>\n<meta name=\"twitter:label1\" content=\"Gesch\u00e4tzte Lesezeit\" \/>\n\t<meta name=\"twitter:data1\" content=\"2 Minuten\" \/>\n<script type=\"application\/ld+json\" class=\"yoast-schema-graph\">{\"@context\":\"https:\/\/schema.org\",\"@graph\":[{\"@type\":\"WebPage\",\"@id\":\"https:\/\/agriturismoilfiordaliso.it\/de\/die-kornblume\/\",\"url\":\"https:\/\/agriturismoilfiordaliso.it\/de\/die-kornblume\/\",\"name\":\"Affitta camere situato nelle colline astigiane del Piemonte\",\"isPartOf\":{\"@id\":\"https:\/\/agriturismoilfiordaliso.it\/#website\"},\"datePublished\":\"2021-06-16T08:56:54+00:00\",\"dateModified\":\"2021-08-04T08:58:28+00:00\",\"description\":\"Il Fiordaliso \u00e8 stato scelto come nome del nostro agriturismo in quanto lo amiamo molto, in particolare perch\u00e9 \u00e8 un fiore di campagna.\",\"breadcrumb\":{\"@id\":\"https:\/\/agriturismoilfiordaliso.it\/de\/die-kornblume\/#breadcrumb\"},\"inLanguage\":\"de-DE\",\"potentialAction\":[{\"@type\":\"ReadAction\",\"target\":[\"https:\/\/agriturismoilfiordaliso.it\/de\/die-kornblume\/\"]}]},{\"@type\":\"BreadcrumbList\",\"@id\":\"https:\/\/agriturismoilfiordaliso.it\/de\/die-kornblume\/#breadcrumb\",\"itemListElement\":[{\"@type\":\"ListItem\",\"position\":1,\"name\":\"Home\",\"item\":\"https:\/\/agriturismoilfiordaliso.it\/de\/\"},{\"@type\":\"ListItem\",\"position\":2,\"name\":\"Die Kornblume\"}]},{\"@type\":\"WebSite\",\"@id\":\"https:\/\/agriturismoilfiordaliso.it\/#website\",\"url\":\"https:\/\/agriturismoilfiordaliso.it\/\",\"name\":\"Agriturismo Asti Il Fiordaliso\",\"description\":\"Agriturismo Asti Il Fiordaliso\",\"potentialAction\":[{\"@type\":\"SearchAction\",\"target\":{\"@type\":\"EntryPoint\",\"urlTemplate\":\"https:\/\/agriturismoilfiordaliso.it\/?s={search_term_string}\"},\"query-input\":\"required name=search_term_string\"}],\"inLanguage\":\"de-DE\"}]}<\/script>\n<!-- \/ Yoast SEO plugin. -->","yoast_head_json":{"title":"Affitta camere situato nelle colline astigiane del Piemonte","description":"Il Fiordaliso \u00e8 stato scelto come nome del nostro agriturismo in quanto lo amiamo molto, in particolare perch\u00e9 \u00e8 un fiore di campagna.","robots":{"index":"index","follow":"follow","max-snippet":"max-snippet:-1","max-image-preview":"max-image-preview:large","max-video-preview":"max-video-preview:-1"},"canonical":"https:\/\/agriturismoilfiordaliso.it\/de\/die-kornblume\/","og_locale":"de_DE","og_type":"article","og_title":"Affitta camere situato nelle colline astigiane del Piemonte","og_description":"Il Fiordaliso \u00e8 stato scelto come nome del nostro agriturismo in quanto lo amiamo molto, in particolare perch\u00e9 \u00e8 un fiore di campagna.","og_url":"https:\/\/agriturismoilfiordaliso.it\/de\/die-kornblume\/","og_site_name":"Agriturismo Asti Il Fiordaliso","article_modified_time":"2021-08-04T08:58:28+00:00","twitter_card":"summary_large_image","twitter_misc":{"Gesch\u00e4tzte Lesezeit":"2 Minuten"},"schema":{"@context":"https:\/\/schema.org","@graph":[{"@type":"WebPage","@id":"https:\/\/agriturismoilfiordaliso.it\/de\/die-kornblume\/","url":"https:\/\/agriturismoilfiordaliso.it\/de\/die-kornblume\/","name":"Affitta camere situato nelle colline astigiane del Piemonte","isPartOf":{"@id":"https:\/\/agriturismoilfiordaliso.it\/#website"},"datePublished":"2021-06-16T08:56:54+00:00","dateModified":"2021-08-04T08:58:28+00:00","description":"Il Fiordaliso \u00e8 stato scelto come nome del nostro agriturismo in quanto lo amiamo molto, in particolare perch\u00e9 \u00e8 un fiore di campagna.","breadcrumb":{"@id":"https:\/\/agriturismoilfiordaliso.it\/de\/die-kornblume\/#breadcrumb"},"inLanguage":"de-DE","potentialAction":[{"@type":"ReadAction","target":["https:\/\/agriturismoilfiordaliso.it\/de\/die-kornblume\/"]}]},{"@type":"BreadcrumbList","@id":"https:\/\/agriturismoilfiordaliso.it\/de\/die-kornblume\/#breadcrumb","itemListElement":[{"@type":"ListItem","position":1,"name":"Home","item":"https:\/\/agriturismoilfiordaliso.it\/de\/"},{"@type":"ListItem","position":2,"name":"Die Kornblume"}]},{"@type":"WebSite","@id":"https:\/\/agriturismoilfiordaliso.it\/#website","url":"https:\/\/agriturismoilfiordaliso.it\/","name":"Agriturismo Asti Il Fiordaliso","description":"Agriturismo Asti Il Fiordaliso","potentialAction":[{"@type":"SearchAction","target":{"@type":"EntryPoint","urlTemplate":"https:\/\/agriturismoilfiordaliso.it\/?s={search_term_string}"},"query-input":"required name=search_term_string"}],"inLanguage":"de-DE"}]}},"_links":{"self":[{"href":"https:\/\/agriturismoilfiordaliso.it\/de\/wp-json\/wp\/v2\/pages\/1460"}],"collection":[{"href":"https:\/\/agriturismoilfiordaliso.it\/de\/wp-json\/wp\/v2\/pages"}],"about":[{"href":"https:\/\/agriturismoilfiordaliso.it\/de\/wp-json\/wp\/v2\/types\/page"}],"author":[{"embeddable":true,"href":"https:\/\/agriturismoilfiordaliso.it\/de\/wp-json\/wp\/v2\/users\/1"}],"replies":[{"embeddable":true,"href":"https:\/\/agriturismoilfiordaliso.it\/de\/wp-json\/wp\/v2\/comments?post=1460"}],"version-history":[{"count":2,"href":"https:\/\/agriturismoilfiordaliso.it\/de\/wp-json\/wp\/v2\/pages\/1460\/revisions"}],"predecessor-version":[{"id":1464,"href":"https:\/\/agriturismoilfiordaliso.it\/de\/wp-json\/wp\/v2\/pages\/1460\/revisions\/1464"}],"wp:attachment":[{"href":"https:\/\/agriturismoilfiordaliso.it\/de\/wp-json\/wp\/v2\/media?parent=1460"}],"curies":[{"name":"wp","href":"https:\/\/api.w.org\/{rel}","templated":true}]}}