{"id":1466,"date":"2021-06-16T08:46:37","date_gmt":"2021-06-16T08:46:37","guid":{"rendered":"https:\/\/agriturismoilfiordaliso.it\/azienda-agricola-asti\/"},"modified":"2021-08-04T15:44:46","modified_gmt":"2021-08-04T15:44:46","slug":"bauernhof","status":"publish","type":"page","link":"https:\/\/agriturismoilfiordaliso.it\/de\/bauernhof\/","title":{"rendered":"Bauernhof"},"content":{"rendered":"<p>[vc_row css_animation=&#8220;&#8220; row_type=&#8220;row&#8220; use_row_as_full_screen_section=&#8220;no&#8220; type=&#8220;full_width&#8220; angled_section=&#8220;no&#8220; text_align=&#8220;left&#8220; background_image_as_pattern=&#8220;without_pattern&#8220;][vc_column][vc_column_text]<\/p>\n<p class=\"Stile3\">Der landwirtschaftliche Betrieb liegt im Tal zu F\u00fc\u00dfen des Dorfes Azzano und 1 Km von unserem Agriturismo entfernt.<br \/>\nEr ist Grundbestandteil unserer Aktivit\u00e4ten im Agriturismo, denn der gr\u00f6\u00dfte Teil unserer Produkte wird hier erzeugt.<\/p>\n<p class=\"Stile3\">Der Hof stellt unserer Wurzeln, Kultur und Tradition dar, welche so wichtig sind wenn man die Entscheidung trifft, die eigene Haust\u00fcre G\u00e4sten zu \u00f6ffnen und man die einfachen, naturreinen Dinge und Tradition sucht.<br \/>\nTraditionen undDinge die wir vor dem Vergessen bewahren wollen. Der landwirtschaftliche Betrieb wurde Ende des 19-ten Jahrhunderts von Viarengo Domenico gegr\u00fcndet, der dank einer kleinen Weinproduktion und einigen St\u00fcck Vieh die Basis f\u00fcr eine von Generation zu Generation weitergegebene Aktivit\u00e4t legte. Gegenw\u00e4rtig besteht der Betrieb aus ca. 50 Hektar, die sich wie folgt aufteilen:<\/p>\n<p>[\/vc_column_text][\/vc_column][\/vc_row][vc_row css_animation=&#8220;&#8220; row_type=&#8220;row&#8220; use_row_as_full_screen_section=&#8220;no&#8220; type=&#8220;full_width&#8220; angled_section=&#8220;no&#8220; text_align=&#8220;left&#8220; background_image_as_pattern=&#8220;without_pattern&#8220;][vc_column][vc_empty_space height=&#8220;50px&#8220;][vc_separator css_animation=&#8220;fadeInLeft&#8220; type=&#8220;normal&#8220; color=&#8220;#4e64bb&#8220;][vc_empty_space height=&#8220;50px&#8220;][\/vc_column][\/vc_row][vc_row css_animation=&#8220;&#8220; row_type=&#8220;row&#8220; use_row_as_full_screen_section=&#8220;no&#8220; type=&#8220;full_width&#8220; angled_section=&#8220;no&#8220; text_align=&#8220;left&#8220; background_image_as_pattern=&#8220;without_pattern&#8220;][vc_column width=&#8220;1\/2&#8243;][vc_single_image image=&#8220;1428&#8243; img_size=&#8220;full&#8220; alignment=&#8220;center&#8220; onclick=&#8220;img_link_large&#8220; qode_css_animation=&#8220;element_from_right&#8220;][vc_empty_space][\/vc_column][vc_column width=&#8220;1\/2&#8243;][vc_single_image image=&#8220;1141&#8243; img_size=&#8220;full&#8220; alignment=&#8220;center&#8220; onclick=&#8220;img_link_large&#8220; qode_css_animation=&#8220;element_from_right&#8220;][vc_empty_space][\/vc_column][\/vc_row][vc_row css_animation=&#8220;&#8220; row_type=&#8220;row&#8220; use_row_as_full_screen_section=&#8220;no&#8220; type=&#8220;full_width&#8220; angled_section=&#8220;no&#8220; text_align=&#8220;left&#8220; background_image_as_pattern=&#8220;without_pattern&#8220;][vc_column][vc_empty_space height=&#8220;50px&#8220;][vc_separator css_animation=&#8220;fadeInLeft&#8220; type=&#8220;normal&#8220; color=&#8220;#4e64bb&#8220;][vc_empty_space height=&#8220;50px&#8220;][\/vc_column][\/vc_row][vc_row css_animation=&#8220;&#8220; row_type=&#8220;row&#8220; use_row_as_full_screen_section=&#8220;no&#8220; type=&#8220;full_width&#8220; angled_section=&#8220;no&#8220; text_align=&#8220;left&#8220; background_image_as_pattern=&#8220;without_pattern&#8220;][vc_column width=&#8220;1\/3&#8243;][vc_single_image image=&#8220;1093&#8243; img_size=&#8220;600&#215;397&#8243; alignment=&#8220;center&#8220; onclick=&#8220;img_link_large&#8220; qode_css_animation=&#8220;element_from_left&#8220;][vc_column_text]<\/p>\n<p style=\"text-align: center;\">MAIS 20 Hektar<\/p>\n<p>[\/vc_column_text][\/vc_column][vc_column width=&#8220;1\/3&#8243;][vc_single_image image=&#8220;1095&#8243; img_size=&#8220;600&#215;397&#8243; alignment=&#8220;center&#8220; onclick=&#8220;img_link_large&#8220; qode_css_animation=&#8220;element_from_top&#8220;][vc_column_text]<\/p>\n<p style=\"text-align: center;\">WIZEN UND GERSTE 11 Hektar<\/p>\n<p>[\/vc_column_text][\/vc_column][vc_column width=&#8220;1\/3&#8243;][vc_single_image image=&#8220;1137&#8243; img_size=&#8220;600&#215;397&#8243; alignment=&#8220;center&#8220; onclick=&#8220;img_link_large&#8220; qode_css_animation=&#8220;element_from_right&#8220;][vc_column_text]<\/p>\n<p style=\"text-align: center;\">OBSTGARTEN 0.5 Hektar<\/p>\n<p>[\/vc_column_text][\/vc_column][\/vc_row][vc_row css_animation=&#8220;&#8220; row_type=&#8220;row&#8220; use_row_as_full_screen_section=&#8220;no&#8220; type=&#8220;full_width&#8220; angled_section=&#8220;no&#8220; text_align=&#8220;left&#8220; background_image_as_pattern=&#8220;without_pattern&#8220;][vc_column][vc_empty_space height=&#8220;50px&#8220;][\/vc_column][\/vc_row][vc_row css_animation=&#8220;&#8220; row_type=&#8220;row&#8220; use_row_as_full_screen_section=&#8220;no&#8220; type=&#8220;full_width&#8220; angled_section=&#8220;no&#8220; text_align=&#8220;left&#8220; background_image_as_pattern=&#8220;without_pattern&#8220;][vc_column width=&#8220;1\/3&#8243;][vc_single_image image=&#8220;1139&#8243; img_size=&#8220;600&#215;397&#8243; alignment=&#8220;center&#8220; onclick=&#8220;img_link_large&#8220; qode_css_animation=&#8220;element_from_left&#8220;][vc_column_text]<\/p>\n<p style=\"text-align: center;\">WEINBERG 1,5 Hektar<\/p>\n<p>[\/vc_column_text][\/vc_column][vc_column width=&#8220;1\/3&#8243;][vc_single_image image=&#8220;1135&#8243; img_size=&#8220;600&#215;397&#8243; alignment=&#8220;center&#8220; onclick=&#8220;img_link_large&#8220; qode_css_animation=&#8220;element_from_top&#8220;][vc_column_text]<\/p>\n<p style=\"text-align: center;\">OBSTGARTEN 0.6 Hektar<\/p>\n<p>[\/vc_column_text][\/vc_column][vc_column width=&#8220;1\/3&#8243;][vc_single_image image=&#8220;1099&#8243; img_size=&#8220;600&#215;397&#8243; alignment=&#8220;center&#8220; onclick=&#8220;img_link_large&#8220; qode_css_animation=&#8220;element_from_right&#8220;][vc_column_text]<\/p>\n<p style=\"text-align: center;\">NIEDERWALD UND PAPPELHAIN 8 Hektar<\/p>\n<p>[\/vc_column_text][\/vc_column][\/vc_row][vc_row css_animation=&#8220;&#8220; row_type=&#8220;row&#8220; use_row_as_full_screen_section=&#8220;no&#8220; type=&#8220;full_width&#8220; angled_section=&#8220;no&#8220; text_align=&#8220;left&#8220; background_image_as_pattern=&#8220;without_pattern&#8220;][vc_column][vc_empty_space height=&#8220;50px&#8220;][\/vc_column][\/vc_row]<\/p>\n","protected":false},"excerpt":{"rendered":"<p>[vc_row css_animation=&#8220;&#8220; row_type=&#8220;row&#8220; use_row_as_full_screen_section=&#8220;no&#8220; type=&#8220;full_width&#8220; angled_section=&#8220;no&#8220; text_align=&#8220;left&#8220; background_image_as_pattern=&#8220;without_pattern&#8220;][vc_column][vc_column_text] Der landwirtschaftliche Betrieb liegt im Tal zu F\u00fc\u00dfen des Dorfes Azzano und 1 Km von unserem Agriturismo entfernt. Er ist Grundbestandteil unserer Aktivit\u00e4ten im Agriturismo, denn der gr\u00f6\u00dfte Teil unserer Produkte wird hier erzeugt. Der Hof stellt&#8230;<\/p>\n","protected":false},"author":1,"featured_media":0,"parent":0,"menu_order":0,"comment_status":"closed","ping_status":"closed","template":"","meta":[],"yoast_head":"<!-- This site is optimized with the Yoast SEO plugin v19.12 - https:\/\/yoast.com\/wordpress\/plugins\/seo\/ -->\n<title>Azienda agricola situata nelle colline astigiane del Piemonte<\/title>\n<meta name=\"description\" content=\"La nostra azienda agricola, situata vicino ad Asti, \u00e8 l&#039;elemento fondamentale per la produzione dei nostri piatti.\" \/>\n<meta name=\"robots\" content=\"index, follow, max-snippet:-1, max-image-preview:large, max-video-preview:-1\" \/>\n<link rel=\"canonical\" href=\"https:\/\/agriturismoilfiordaliso.it\/de\/bauernhof\/\" \/>\n<meta property=\"og:locale\" content=\"de_DE\" \/>\n<meta property=\"og:type\" content=\"article\" \/>\n<meta property=\"og:title\" content=\"Azienda agricola situata nelle colline astigiane del Piemonte\" \/>\n<meta property=\"og:description\" content=\"La nostra azienda agricola, situata vicino ad Asti, \u00e8 l&#039;elemento fondamentale per la produzione dei nostri piatti.\" \/>\n<meta property=\"og:url\" content=\"https:\/\/agriturismoilfiordaliso.it\/de\/bauernhof\/\" \/>\n<meta property=\"og:site_name\" content=\"Agriturismo Asti Il Fiordaliso\" \/>\n<meta property=\"article:modified_time\" content=\"2021-08-04T15:44:46+00:00\" \/>\n<meta name=\"twitter:card\" content=\"summary_large_image\" \/>\n<meta name=\"twitter:label1\" content=\"Gesch\u00e4tzte Lesezeit\" \/>\n\t<meta name=\"twitter:data1\" content=\"2 Minuten\" \/>\n<script type=\"application\/ld+json\" class=\"yoast-schema-graph\">{\"@context\":\"https:\/\/schema.org\",\"@graph\":[{\"@type\":\"WebPage\",\"@id\":\"https:\/\/agriturismoilfiordaliso.it\/de\/bauernhof\/\",\"url\":\"https:\/\/agriturismoilfiordaliso.it\/de\/bauernhof\/\",\"name\":\"Azienda agricola situata nelle colline astigiane del Piemonte\",\"isPartOf\":{\"@id\":\"https:\/\/agriturismoilfiordaliso.it\/#website\"},\"datePublished\":\"2021-06-16T08:46:37+00:00\",\"dateModified\":\"2021-08-04T15:44:46+00:00\",\"description\":\"La nostra azienda agricola, situata vicino ad Asti, \u00e8 l'elemento fondamentale per la produzione dei nostri piatti.\",\"breadcrumb\":{\"@id\":\"https:\/\/agriturismoilfiordaliso.it\/de\/bauernhof\/#breadcrumb\"},\"inLanguage\":\"de-DE\",\"potentialAction\":[{\"@type\":\"ReadAction\",\"target\":[\"https:\/\/agriturismoilfiordaliso.it\/de\/bauernhof\/\"]}]},{\"@type\":\"BreadcrumbList\",\"@id\":\"https:\/\/agriturismoilfiordaliso.it\/de\/bauernhof\/#breadcrumb\",\"itemListElement\":[{\"@type\":\"ListItem\",\"position\":1,\"name\":\"Home\",\"item\":\"https:\/\/agriturismoilfiordaliso.it\/de\/\"},{\"@type\":\"ListItem\",\"position\":2,\"name\":\"Bauernhof\"}]},{\"@type\":\"WebSite\",\"@id\":\"https:\/\/agriturismoilfiordaliso.it\/#website\",\"url\":\"https:\/\/agriturismoilfiordaliso.it\/\",\"name\":\"Agriturismo Asti Il Fiordaliso\",\"description\":\"Agriturismo Asti Il Fiordaliso\",\"potentialAction\":[{\"@type\":\"SearchAction\",\"target\":{\"@type\":\"EntryPoint\",\"urlTemplate\":\"https:\/\/agriturismoilfiordaliso.it\/?s={search_term_string}\"},\"query-input\":\"required name=search_term_string\"}],\"inLanguage\":\"de-DE\"}]}<\/script>\n<!-- \/ Yoast SEO plugin. -->","yoast_head_json":{"title":"Azienda agricola situata nelle colline astigiane del Piemonte","description":"La nostra azienda agricola, situata vicino ad Asti, \u00e8 l'elemento fondamentale per la produzione dei nostri piatti.","robots":{"index":"index","follow":"follow","max-snippet":"max-snippet:-1","max-image-preview":"max-image-preview:large","max-video-preview":"max-video-preview:-1"},"canonical":"https:\/\/agriturismoilfiordaliso.it\/de\/bauernhof\/","og_locale":"de_DE","og_type":"article","og_title":"Azienda agricola situata nelle colline astigiane del Piemonte","og_description":"La nostra azienda agricola, situata vicino ad Asti, \u00e8 l'elemento fondamentale per la produzione dei nostri piatti.","og_url":"https:\/\/agriturismoilfiordaliso.it\/de\/bauernhof\/","og_site_name":"Agriturismo Asti Il Fiordaliso","article_modified_time":"2021-08-04T15:44:46+00:00","twitter_card":"summary_large_image","twitter_misc":{"Gesch\u00e4tzte Lesezeit":"2 Minuten"},"schema":{"@context":"https:\/\/schema.org","@graph":[{"@type":"WebPage","@id":"https:\/\/agriturismoilfiordaliso.it\/de\/bauernhof\/","url":"https:\/\/agriturismoilfiordaliso.it\/de\/bauernhof\/","name":"Azienda agricola situata nelle colline astigiane del Piemonte","isPartOf":{"@id":"https:\/\/agriturismoilfiordaliso.it\/#website"},"datePublished":"2021-06-16T08:46:37+00:00","dateModified":"2021-08-04T15:44:46+00:00","description":"La nostra azienda agricola, situata vicino ad Asti, \u00e8 l'elemento fondamentale per la produzione dei nostri piatti.","breadcrumb":{"@id":"https:\/\/agriturismoilfiordaliso.it\/de\/bauernhof\/#breadcrumb"},"inLanguage":"de-DE","potentialAction":[{"@type":"ReadAction","target":["https:\/\/agriturismoilfiordaliso.it\/de\/bauernhof\/"]}]},{"@type":"BreadcrumbList","@id":"https:\/\/agriturismoilfiordaliso.it\/de\/bauernhof\/#breadcrumb","itemListElement":[{"@type":"ListItem","position":1,"name":"Home","item":"https:\/\/agriturismoilfiordaliso.it\/de\/"},{"@type":"ListItem","position":2,"name":"Bauernhof"}]},{"@type":"WebSite","@id":"https:\/\/agriturismoilfiordaliso.it\/#website","url":"https:\/\/agriturismoilfiordaliso.it\/","name":"Agriturismo Asti Il Fiordaliso","description":"Agriturismo Asti Il Fiordaliso","potentialAction":[{"@type":"SearchAction","target":{"@type":"EntryPoint","urlTemplate":"https:\/\/agriturismoilfiordaliso.it\/?s={search_term_string}"},"query-input":"required name=search_term_string"}],"inLanguage":"de-DE"}]}},"_links":{"self":[{"href":"https:\/\/agriturismoilfiordaliso.it\/de\/wp-json\/wp\/v2\/pages\/1466"}],"collection":[{"href":"https:\/\/agriturismoilfiordaliso.it\/de\/wp-json\/wp\/v2\/pages"}],"about":[{"href":"https:\/\/agriturismoilfiordaliso.it\/de\/wp-json\/wp\/v2\/types\/page"}],"author":[{"embeddable":true,"href":"https:\/\/agriturismoilfiordaliso.it\/de\/wp-json\/wp\/v2\/users\/1"}],"replies":[{"embeddable":true,"href":"https:\/\/agriturismoilfiordaliso.it\/de\/wp-json\/wp\/v2\/comments?post=1466"}],"version-history":[{"count":5,"href":"https:\/\/agriturismoilfiordaliso.it\/de\/wp-json\/wp\/v2\/pages\/1466\/revisions"}],"predecessor-version":[{"id":1561,"href":"https:\/\/agriturismoilfiordaliso.it\/de\/wp-json\/wp\/v2\/pages\/1466\/revisions\/1561"}],"wp:attachment":[{"href":"https:\/\/agriturismoilfiordaliso.it\/de\/wp-json\/wp\/v2\/media?parent=1466"}],"curies":[{"name":"wp","href":"https:\/\/api.w.org\/{rel}","templated":true}]}}