{"id":1474,"date":"2021-06-16T06:12:33","date_gmt":"2021-06-16T06:12:33","guid":{"rendered":"https:\/\/agriturismoilfiordaliso.it\/agriturismo-asti\/"},"modified":"2021-08-04T09:11:32","modified_gmt":"2021-08-04T09:11:32","slug":"freizeitaktivitaeten","status":"publish","type":"page","link":"https:\/\/agriturismoilfiordaliso.it\/de\/freizeitaktivitaeten\/","title":{"rendered":"Freizeitaktivit\u00e4ten"},"content":{"rendered":"<p>[vc_row css_animation=&#8220;&#8220; row_type=&#8220;row&#8220; use_row_as_full_screen_section=&#8220;no&#8220; type=&#8220;full_width&#8220; angled_section=&#8220;no&#8220; text_align=&#8220;left&#8220; background_image_as_pattern=&#8220;without_pattern&#8220;][vc_column][vc_row_inner row_type=&#8220;row&#8220; type=&#8220;full_width&#8220; text_align=&#8220;left&#8220; css_animation=&#8220;&#8220;][vc_column_inner][vc_column_text]<\/p>\n<p class=\"Stile3\">Das Asti-Gebiet ist reich an Geschichte, Kunst und Kultur mit einer herrlichen Natur und ber\u00fchmt f\u00fcr seine Weine und K\u00fcche.<br \/>\nAu\u00dfer Turin ist Asti (<a href=\"http:\/\/www.astiturismo.it\" target=\"_blank\" rel=\"noopener\">www.astiturismo.it<\/a>) die Stadt im Piemont mit den gr\u00f6\u00dften architektonischen Sch\u00e4tzen und Kulturgut, \u00fcberdies war die Asti-Gemeinde eine Freistadt w\u00e4hrend des Mittelalters und eine der m\u00e4chtigsten und reichsten Gemeinden Norditaliens, da seit der R\u00f6merzeit die wichtigsten Verkehrswege durch diese Gegend f\u00fchren.<\/p>\n<p class=\"Stile3\">Die Frankenstra\u00dfe lief durch unseres Gebiet, die der Weg der Pilger nach Rom war. Auf den Spuren dieser Route findet man viele romanischen Kirchen eingebettet in zauberhafte Landschaften.<\/p>\n<p class=\"Stile3\">Zahlreich sind die\u00a0<strong>Schl\u00f6sser<\/strong>, die Festungen und die befestigten Ortschaften im Asti-Gebiet, die aus strategischen Bed\u00fcrfnissen erbaut wurden und danach zum Symbol von Macht und Reichtum der verschiedenen Herren w\u00e4hrend der Jahrhunderte wurden: R\u00f6mer, Langobarden, der Marquise von Monferrato und die Savoyen.<\/p>\n<p class=\"Stile3\">Die zahlreichen und bezaubernden\u00a0<strong>Routen<\/strong>\u00a0unserer Provinz warten darauf von Ihnen entdeckt zu werden. Infomaterial dazu erhalten Sie bei uns.<\/p>\n<p>[\/vc_column_text][vc_empty_space height=&#8220;20&#8243;][vc_gallery type=&#8220;image_grid&#8220; images=&#8220;1359,1361,1363,1365,1367&#8243; img_size=&#8220;150&#215;120&#8243; column_number=&#8220;5&#8243; grayscale=&#8220;no&#8220; images_space=&#8220;gallery_with_space&#8220;][\/vc_column_inner][\/vc_row_inner][vc_row_inner row_type=&#8220;row&#8220; type=&#8220;full_width&#8220; text_align=&#8220;left&#8220; css_animation=&#8220;&#8220;][vc_column_inner][vc_column_text]<\/p>\n<p class=\"Stile3\">Wie bereits erw\u00e4hnt, ist die\u00a0<strong>\u00d6nogastronomie<\/strong>\u00a0ein wichtiger Bereich des Asti-Gebiets. Wir sind ein Weingebiet und beim Wandern auf unseren H\u00fcgeln k\u00f6nnen Sie in einem Weinkeller der Gegend Rast machen, um unsere Produkte von hervorragenden Qualit\u00e4t zu verkosten: der Asti-Sekt, Moscato Wein, Barbera, Grignolino, Dolcetto Rotwein u.s.w.. Sie werden dazu auch typische Produkte von h\u00f6chste Qualit\u00e4t wie K\u00e4se, Salami und S\u00fc\u00dfwaren finden.<\/p>\n<p>[\/vc_column_text][vc_empty_space height=&#8220;20&#8243;][vc_gallery type=&#8220;image_grid&#8220; images=&#8220;1371,1373&#8243; img_size=&#8220;150&#215;120&#8243; column_number=&#8220;5&#8243; grayscale=&#8220;no&#8220; images_space=&#8220;gallery_with_space&#8220;][\/vc_column_inner][\/vc_row_inner][vc_row_inner row_type=&#8220;row&#8220; type=&#8220;full_width&#8220; text_align=&#8220;left&#8220; css_animation=&#8220;&#8220; css=&#8220;.vc_custom_1627552445484{padding-top: 30px !important;}&#8220;][vc_column_inner][vc_column_text]<\/p>\n<p class=\"Stile3\">Unser Agriturismo kann Ausgangspunkt f\u00fcr verschiedene\u00a0<strong>Touren<\/strong>\u00a0sein &#8211; Trekking (<a href=\"http:\/\/www.winetrekking.it\" target=\"_blank\" rel=\"noopener\">www.winetrekking.it<\/a>) oder Mountainbike (<a href=\"http:\/\/www.piemonteciclabile.it\" target=\"_blank\" rel=\"noopener\">www.piemonteciclabile.it<\/a>) -, dank seiner g\u00fcnstigen Lage mitten auf dem Land. Die Gemeinden auf den H\u00fcgeln des Val Tiglione, eingeschlossen die Gemeinde Azzano, haben Wanderwege ausgewiesen, die sie untereinander verbinden. Ausf\u00fchrliches Kartenmaterial f\u00fcr Wanderfreudige ist nat\u00fcrlich verf\u00fcgbar.<\/p>\n<p>[\/vc_column_text][vc_empty_space height=&#8220;20&#8243;][vc_gallery type=&#8220;image_grid&#8220; images=&#8220;1383,1381&#8243; img_size=&#8220;150&#215;120&#8243; column_number=&#8220;5&#8243; grayscale=&#8220;no&#8220; images_space=&#8220;gallery_with_space&#8220;][\/vc_column_inner][\/vc_row_inner][vc_row_inner row_type=&#8220;row&#8220; type=&#8220;full_width&#8220; text_align=&#8220;left&#8220; css_animation=&#8220;&#8220;][vc_column_inner][vc_column_text]<\/p>\n<p class=\"Stile3\">Dank seiner zentralen Lage im Piemont (<a href=\"http:\/\/www.torinopiupiemonte.com\" target=\"_blank\" rel=\"noopener\">www.torinopiupiemonte.com<\/a>) ist Asti ein guter Ausgangspunkt f\u00fcr die Entdeckung der zahlreichen Facetten unserer Gegend wie H\u00fcgel, Gebirge und Seen.<\/p>\n<p>Nicht zu vergessen ist die Besichtigung der Stadt\u00a0<strong>Turin<\/strong>\u00a0(<a href=\"http:\/\/www.turismotorino.org\" target=\"_blank\" rel=\"noopener\">www.turismotorino.org<\/a>) mit ihren K\u00f6nigspal\u00e4sten, Museen, Pl\u00e4tzen, antiken Caf\u00e9s und Chocolaterien. Nach den letzten olympischen Winterspielen erbl\u00fcht das historische Zentrum wieder in seiner alten Pracht. Die Stadt ist bequem mit Auto oder Zug in ca. 40 Minuten zu erreichen.<\/p>\n<p class=\"Stile3\">Angrenzend an die Provinz Asti liegt das St\u00e4dtchen\u00a0<strong>Alba<\/strong>\u00a0(Provinz Cuneo), ein lebendiges Zentrum, ber\u00fchmt f\u00fcr seine Tr\u00fcffel (die man im ganzen Ast-Gebiet finden kann) und die herrvoragenden Weine wie den Barolo und Barbaresco.<br \/>\n\u00d6stlich in Richtung Alessandria liegt die Stadt\u00a0<strong>Acqui Terme<\/strong>, auf jeden Fall eine Besichtigung wert und renomiert f\u00fcr die Heilkr\u00e4fte ihrer Schwefelquellen.<\/p>\n<p>[\/vc_column_text][vc_column_text]<\/p>\n<p class=\"Stile3\">Unser Agriturismo kann Ausgangspunkt f\u00fcr verschiedene\u00a0<strong>Touren<\/strong>\u00a0sein &#8211; Trekking (<a href=\"http:\/\/www.winetrekking.it\" target=\"_blank\" rel=\"noopener\">www.winetrekking.it<\/a>) oder Mountainbike (<a href=\"http:\/\/www.piemonteciclabile.it\" target=\"_blank\" rel=\"noopener\">www.piemonteciclabile.it<\/a>) -, dank seiner g\u00fcnstigen Lage mitten auf dem Land. Die Gemeinden auf den H\u00fcgeln des Val Tiglione, eingeschlossen die Gemeinde Azzano, haben Wanderwege ausgewiesen, die sie untereinander verbinden. Ausf\u00fchrliches Kartenmaterial f\u00fcr Wanderfreudige ist nat\u00fcrlich verf\u00fcgbar.<\/p>\n<p><span class=\"Stile3\">Wer es lieber etwas ruhiger angehen m\u00f6chte, dem empfehlen wir einen Besuch unseres landwirtschaftlichen Betriebes. Sie k\u00f6nnen aber auch die Sonne auf der Terrasse genie\u00dfen oder ein Buch in unserem W\u00e4ldchen mit Holzb\u00e4nken und -Tischen lesen.<br \/>\nSuchen sie im Sommer Erfrischung k\u00f6nnen wir Ihnen einige\u00a0<strong>Schwimmb\u00e4der<\/strong>\u00a0in der N\u00e4he empfehlen, eines davon besonders sch\u00f6n mitten in den gr\u00fcnen H\u00fcgeln gelegen.<\/span><\/p>\n<p><span class=\"Stile3\">F\u00fcr Naturfreunde ist unser Agriturismo der ideale Ort f\u00fcr \u201e<strong>Birdwatching<\/strong>\u201c und Naturbeobachtungen, denn hier in den umliegenden W\u00e4ldern leben verschiedene Wildtiere und kommen ungest\u00f6rt bis an unser Haus.<br \/>\nF\u00fcr Golffreunde liegt ein\u00a0<strong>Golfplatz<\/strong>\u00a0ganz in der N\u00e4he, der das ganzes Jahr und die ganze Woche \u00fcber ge\u00f6ffnet ist und die komplette Golfausr\u00fcstung zum Ausleihen anbietet.<\/span><\/p>\n<p><span class=\"Stile3\"><br \/>\nTourismuswebseiten:\u00a0<a href=\"http:\/\/www.turismo.asti.it\">www.turismo.asti.it<\/a><\/span><\/p>\n<p>[\/vc_column_text][vc_empty_space height=&#8220;20&#8243;][vc_gallery type=&#8220;image_grid&#8220; images=&#8220;1375,1377,1379,1385,1387&#8243; img_size=&#8220;150&#215;120&#8243; column_number=&#8220;5&#8243; grayscale=&#8220;no&#8220; images_space=&#8220;gallery_with_space&#8220;][\/vc_column_inner][\/vc_row_inner][\/vc_column][\/vc_row]<\/p>\n","protected":false},"excerpt":{"rendered":"<p>[vc_row css_animation=&#8220;&#8220; row_type=&#8220;row&#8220; use_row_as_full_screen_section=&#8220;no&#8220; type=&#8220;full_width&#8220; angled_section=&#8220;no&#8220; text_align=&#8220;left&#8220; background_image_as_pattern=&#8220;without_pattern&#8220;][vc_column][vc_row_inner row_type=&#8220;row&#8220; type=&#8220;full_width&#8220; text_align=&#8220;left&#8220; css_animation=&#8220;&#8220;][vc_column_inner][vc_column_text] Das Asti-Gebiet ist reich an Geschichte, Kunst und Kultur mit einer herrlichen Natur und ber\u00fchmt f\u00fcr seine Weine und K\u00fcche. Au\u00dfer Turin ist Asti (www.astiturismo.it) die Stadt im Piemont mit den gr\u00f6\u00dften architektonischen&#8230;<\/p>\n","protected":false},"author":1,"featured_media":0,"parent":0,"menu_order":0,"comment_status":"closed","ping_status":"closed","template":"","meta":[],"yoast_head":"<!-- This site is optimized with the Yoast SEO plugin v19.12 - https:\/\/yoast.com\/wordpress\/plugins\/seo\/ -->\n<title>Agriturismo situato nelle colline astigiane del Piemonte<\/title>\n<meta name=\"description\" content=\"Agriturismo situato nelle colline astigiane del Piemonte. Asti \u00e8 la citt\u00e0 del Piemonte con il pi\u00f9 grande patrimonio artistico dopo Torino.\" \/>\n<meta name=\"robots\" content=\"index, follow, max-snippet:-1, max-image-preview:large, max-video-preview:-1\" \/>\n<link rel=\"canonical\" href=\"https:\/\/agriturismoilfiordaliso.it\/de\/freizeitaktivitaeten\/\" \/>\n<meta property=\"og:locale\" content=\"de_DE\" \/>\n<meta property=\"og:type\" content=\"article\" \/>\n<meta property=\"og:title\" content=\"Agriturismo situato nelle colline astigiane del Piemonte\" \/>\n<meta property=\"og:description\" content=\"Agriturismo situato nelle colline astigiane del Piemonte. Asti \u00e8 la citt\u00e0 del Piemonte con il pi\u00f9 grande patrimonio artistico dopo Torino.\" \/>\n<meta property=\"og:url\" content=\"https:\/\/agriturismoilfiordaliso.it\/de\/freizeitaktivitaeten\/\" \/>\n<meta property=\"og:site_name\" content=\"Agriturismo Asti Il Fiordaliso\" \/>\n<meta property=\"article:modified_time\" content=\"2021-08-04T09:11:32+00:00\" \/>\n<meta name=\"twitter:card\" content=\"summary_large_image\" \/>\n<meta name=\"twitter:label1\" content=\"Gesch\u00e4tzte Lesezeit\" \/>\n\t<meta name=\"twitter:data1\" content=\"3 Minuten\" \/>\n<script type=\"application\/ld+json\" class=\"yoast-schema-graph\">{\"@context\":\"https:\/\/schema.org\",\"@graph\":[{\"@type\":\"WebPage\",\"@id\":\"https:\/\/agriturismoilfiordaliso.it\/de\/freizeitaktivitaeten\/\",\"url\":\"https:\/\/agriturismoilfiordaliso.it\/de\/freizeitaktivitaeten\/\",\"name\":\"Agriturismo situato nelle colline astigiane del Piemonte\",\"isPartOf\":{\"@id\":\"https:\/\/agriturismoilfiordaliso.it\/#website\"},\"datePublished\":\"2021-06-16T06:12:33+00:00\",\"dateModified\":\"2021-08-04T09:11:32+00:00\",\"description\":\"Agriturismo situato nelle colline astigiane del Piemonte. Asti \u00e8 la citt\u00e0 del Piemonte con il pi\u00f9 grande patrimonio artistico dopo Torino.\",\"breadcrumb\":{\"@id\":\"https:\/\/agriturismoilfiordaliso.it\/de\/freizeitaktivitaeten\/#breadcrumb\"},\"inLanguage\":\"de-DE\",\"potentialAction\":[{\"@type\":\"ReadAction\",\"target\":[\"https:\/\/agriturismoilfiordaliso.it\/de\/freizeitaktivitaeten\/\"]}]},{\"@type\":\"BreadcrumbList\",\"@id\":\"https:\/\/agriturismoilfiordaliso.it\/de\/freizeitaktivitaeten\/#breadcrumb\",\"itemListElement\":[{\"@type\":\"ListItem\",\"position\":1,\"name\":\"Home\",\"item\":\"https:\/\/agriturismoilfiordaliso.it\/de\/\"},{\"@type\":\"ListItem\",\"position\":2,\"name\":\"Freizeitaktivit\u00e4ten\"}]},{\"@type\":\"WebSite\",\"@id\":\"https:\/\/agriturismoilfiordaliso.it\/#website\",\"url\":\"https:\/\/agriturismoilfiordaliso.it\/\",\"name\":\"Agriturismo Asti Il Fiordaliso\",\"description\":\"Agriturismo Asti Il Fiordaliso\",\"potentialAction\":[{\"@type\":\"SearchAction\",\"target\":{\"@type\":\"EntryPoint\",\"urlTemplate\":\"https:\/\/agriturismoilfiordaliso.it\/?s={search_term_string}\"},\"query-input\":\"required name=search_term_string\"}],\"inLanguage\":\"de-DE\"}]}<\/script>\n<!-- \/ Yoast SEO plugin. -->","yoast_head_json":{"title":"Agriturismo situato nelle colline astigiane del Piemonte","description":"Agriturismo situato nelle colline astigiane del Piemonte. Asti \u00e8 la citt\u00e0 del Piemonte con il pi\u00f9 grande patrimonio artistico dopo Torino.","robots":{"index":"index","follow":"follow","max-snippet":"max-snippet:-1","max-image-preview":"max-image-preview:large","max-video-preview":"max-video-preview:-1"},"canonical":"https:\/\/agriturismoilfiordaliso.it\/de\/freizeitaktivitaeten\/","og_locale":"de_DE","og_type":"article","og_title":"Agriturismo situato nelle colline astigiane del Piemonte","og_description":"Agriturismo situato nelle colline astigiane del Piemonte. Asti \u00e8 la citt\u00e0 del Piemonte con il pi\u00f9 grande patrimonio artistico dopo Torino.","og_url":"https:\/\/agriturismoilfiordaliso.it\/de\/freizeitaktivitaeten\/","og_site_name":"Agriturismo Asti Il Fiordaliso","article_modified_time":"2021-08-04T09:11:32+00:00","twitter_card":"summary_large_image","twitter_misc":{"Gesch\u00e4tzte Lesezeit":"3 Minuten"},"schema":{"@context":"https:\/\/schema.org","@graph":[{"@type":"WebPage","@id":"https:\/\/agriturismoilfiordaliso.it\/de\/freizeitaktivitaeten\/","url":"https:\/\/agriturismoilfiordaliso.it\/de\/freizeitaktivitaeten\/","name":"Agriturismo situato nelle colline astigiane del Piemonte","isPartOf":{"@id":"https:\/\/agriturismoilfiordaliso.it\/#website"},"datePublished":"2021-06-16T06:12:33+00:00","dateModified":"2021-08-04T09:11:32+00:00","description":"Agriturismo situato nelle colline astigiane del Piemonte. Asti \u00e8 la citt\u00e0 del Piemonte con il pi\u00f9 grande patrimonio artistico dopo Torino.","breadcrumb":{"@id":"https:\/\/agriturismoilfiordaliso.it\/de\/freizeitaktivitaeten\/#breadcrumb"},"inLanguage":"de-DE","potentialAction":[{"@type":"ReadAction","target":["https:\/\/agriturismoilfiordaliso.it\/de\/freizeitaktivitaeten\/"]}]},{"@type":"BreadcrumbList","@id":"https:\/\/agriturismoilfiordaliso.it\/de\/freizeitaktivitaeten\/#breadcrumb","itemListElement":[{"@type":"ListItem","position":1,"name":"Home","item":"https:\/\/agriturismoilfiordaliso.it\/de\/"},{"@type":"ListItem","position":2,"name":"Freizeitaktivit\u00e4ten"}]},{"@type":"WebSite","@id":"https:\/\/agriturismoilfiordaliso.it\/#website","url":"https:\/\/agriturismoilfiordaliso.it\/","name":"Agriturismo Asti Il Fiordaliso","description":"Agriturismo Asti Il Fiordaliso","potentialAction":[{"@type":"SearchAction","target":{"@type":"EntryPoint","urlTemplate":"https:\/\/agriturismoilfiordaliso.it\/?s={search_term_string}"},"query-input":"required name=search_term_string"}],"inLanguage":"de-DE"}]}},"_links":{"self":[{"href":"https:\/\/agriturismoilfiordaliso.it\/de\/wp-json\/wp\/v2\/pages\/1474"}],"collection":[{"href":"https:\/\/agriturismoilfiordaliso.it\/de\/wp-json\/wp\/v2\/pages"}],"about":[{"href":"https:\/\/agriturismoilfiordaliso.it\/de\/wp-json\/wp\/v2\/types\/page"}],"author":[{"embeddable":true,"href":"https:\/\/agriturismoilfiordaliso.it\/de\/wp-json\/wp\/v2\/users\/1"}],"replies":[{"embeddable":true,"href":"https:\/\/agriturismoilfiordaliso.it\/de\/wp-json\/wp\/v2\/comments?post=1474"}],"version-history":[{"count":3,"href":"https:\/\/agriturismoilfiordaliso.it\/de\/wp-json\/wp\/v2\/pages\/1474\/revisions"}],"predecessor-version":[{"id":1480,"href":"https:\/\/agriturismoilfiordaliso.it\/de\/wp-json\/wp\/v2\/pages\/1474\/revisions\/1480"}],"wp:attachment":[{"href":"https:\/\/agriturismoilfiordaliso.it\/de\/wp-json\/wp\/v2\/media?parent=1474"}],"curies":[{"name":"wp","href":"https:\/\/api.w.org\/{rel}","templated":true}]}}