{"id":1488,"date":"2021-06-16T06:15:03","date_gmt":"2021-06-16T06:15:03","guid":{"rendered":"https:\/\/agriturismoilfiordaliso.it\/piscina-asti\/"},"modified":"2021-08-04T09:25:26","modified_gmt":"2021-08-04T09:25:26","slug":"schwimmbad-asti","status":"publish","type":"page","link":"https:\/\/agriturismoilfiordaliso.it\/de\/schwimmbad-asti\/","title":{"rendered":"Schwimmbad"},"content":{"rendered":"<p>[vc_row css_animation=&#8220;&#8220; row_type=&#8220;row&#8220; use_row_as_full_screen_section=&#8220;no&#8220; type=&#8220;full_width&#8220; angled_section=&#8220;no&#8220; text_align=&#8220;left&#8220; background_image_as_pattern=&#8220;without_pattern&#8220;][vc_column][vc_empty_space][vc_column_text]<\/p>\n<p class=\"Stile3\"><strong>SCHWIMMBAD f\u00fcr die G\u00e4ste der Zimmer<\/strong><\/p>\n<p>Eingebettet ins Gr\u00fcne und auf einem H\u00fcgel, der das Gef\u00fchl vermittelt, mitten in der Natur zu schweben, befindet sich das Schwimmbad mit leicht salzigem Wasser &#8211; ohne Verwendung von Chlor &#8211; dank des innovativen Filtersystems mit Salz.<\/p>\n<p>Der Poolbereich verf\u00fcgt \u00fcber ein gro\u00dfes Solarium (130 m\u00b2), wo sich die G\u00e4ste mit bequemen Sonnenliegen frei sonnen und die gro\u00dfartige Ruhe dieses Ortes genie\u00dfen k\u00f6nnen. Die Gr\u00f6\u00dfe der R\u00e4ume, die nur 6 Personen f\u00fcr unsere 3 Zimmer zur Verf\u00fcgung stehen, und die Privatsph\u00e4re, von der Sie profitieren k\u00f6nnen, machen es zu einem exklusiven Ort.<\/p>\n<p>&nbsp;<\/p>\n<p><strong>Einige technische Informationen<\/strong><\/p>\n<ul>\n<li class=\"Stile3\">Das Schwimmbad steht ausschlie\u00dflich den Zimmern zur Verf\u00fcgung und ist nicht f\u00fcr die \u00d6ffentlichkeit zug\u00e4nglich;<\/li>\n<li class=\"Stile3\">Der Pool kann am Abreisetag nicht genutzt werden;<\/li>\n<li class=\"Stile3\">Haustiere sind nicht erlaubt;<\/li>\n<li class=\"Stile3\">\u00d6ffnungszeiten 10.30 &#8211; 19.30<\/li>\n<\/ul>\n<p>[\/vc_column_text][\/vc_column][\/vc_row][vc_row css_animation=&#8220;&#8220; row_type=&#8220;row&#8220; use_row_as_full_screen_section=&#8220;no&#8220; type=&#8220;full_width&#8220; angled_section=&#8220;no&#8220; text_align=&#8220;left&#8220; background_image_as_pattern=&#8220;without_pattern&#8220;][vc_column][vc_empty_space height=&#8220;50px&#8220;][\/vc_column][\/vc_row][vc_row css_animation=&#8220;&#8220; row_type=&#8220;row&#8220; use_row_as_full_screen_section=&#8220;no&#8220; type=&#8220;full_width&#8220; angled_section=&#8220;no&#8220; text_align=&#8220;left&#8220; background_image_as_pattern=&#8220;without_pattern&#8220;][vc_column width=&#8220;1\/2&#8243;][vc_single_image image=&#8220;1319&#8243; img_size=&#8220;full&#8220; alignment=&#8220;center&#8220; onclick=&#8220;img_link_large&#8220; qode_css_animation=&#8220;&#8220;][vc_empty_space][\/vc_column][vc_column width=&#8220;1\/2&#8243;][vc_single_image image=&#8220;1069&#8243; img_size=&#8220;full&#8220; alignment=&#8220;center&#8220; onclick=&#8220;img_link_large&#8220; qode_css_animation=&#8220;&#8220;][vc_empty_space][\/vc_column][\/vc_row][vc_row css_animation=&#8220;&#8220; row_type=&#8220;row&#8220; use_row_as_full_screen_section=&#8220;no&#8220; type=&#8220;full_width&#8220; angled_section=&#8220;no&#8220; text_align=&#8220;left&#8220; background_image_as_pattern=&#8220;without_pattern&#8220;][vc_column][vc_empty_space height=&#8220;50px&#8220;][\/vc_column][\/vc_row][vc_row css_animation=&#8220;&#8220; row_type=&#8220;row&#8220; use_row_as_full_screen_section=&#8220;no&#8220; type=&#8220;full_width&#8220; angled_section=&#8220;no&#8220; text_align=&#8220;left&#8220; background_image_as_pattern=&#8220;without_pattern&#8220;][vc_column][vc_gallery type=&#8220;image_grid&#8220; images=&#8220;1321,1323,1037,1325,1357&#8243; img_size=&#8220;400&#215;250&#8243; column_number=&#8220;5&#8243; grayscale=&#8220;no&#8220; images_space=&#8220;gallery_with_space&#8220;][vc_empty_space][\/vc_column][\/vc_row]<\/p>\n","protected":false},"excerpt":{"rendered":"<p>[vc_row css_animation=&#8220;&#8220; row_type=&#8220;row&#8220; use_row_as_full_screen_section=&#8220;no&#8220; type=&#8220;full_width&#8220; angled_section=&#8220;no&#8220; text_align=&#8220;left&#8220; background_image_as_pattern=&#8220;without_pattern&#8220;][vc_column][vc_empty_space][vc_column_text] SCHWIMMBAD f\u00fcr die G\u00e4ste der Zimmer Eingebettet ins Gr\u00fcne und auf einem H\u00fcgel, der das Gef\u00fchl vermittelt, mitten in der Natur zu schweben, befindet sich das Schwimmbad mit leicht salzigem Wasser &#8211; ohne Verwendung von Chlor &#8211;&#8230;<\/p>\n","protected":false},"author":1,"featured_media":0,"parent":0,"menu_order":0,"comment_status":"closed","ping_status":"closed","template":"","meta":[],"yoast_head":"<!-- This site is optimized with the Yoast SEO plugin v19.12 - https:\/\/yoast.com\/wordpress\/plugins\/seo\/ -->\n<title>Piscina situata nelle colline astigiane del Piemonte<\/title>\n<meta name=\"description\" content=\"Piscina situata nelle colline astigiane del Piemonte. La piscina \u00e8 immersa nel verde e situata su una collinetta.\" \/>\n<meta name=\"robots\" content=\"index, follow, max-snippet:-1, max-image-preview:large, max-video-preview:-1\" \/>\n<link rel=\"canonical\" href=\"https:\/\/agriturismoilfiordaliso.it\/de\/schwimmbad-asti\/\" \/>\n<meta property=\"og:locale\" content=\"de_DE\" \/>\n<meta property=\"og:type\" content=\"article\" \/>\n<meta property=\"og:title\" content=\"Piscina situata nelle colline astigiane del Piemonte\" \/>\n<meta property=\"og:description\" content=\"Piscina situata nelle colline astigiane del Piemonte. La piscina \u00e8 immersa nel verde e situata su una collinetta.\" \/>\n<meta property=\"og:url\" content=\"https:\/\/agriturismoilfiordaliso.it\/de\/schwimmbad-asti\/\" \/>\n<meta property=\"og:site_name\" content=\"Agriturismo Asti Il Fiordaliso\" \/>\n<meta property=\"article:modified_time\" content=\"2021-08-04T09:25:26+00:00\" \/>\n<meta name=\"twitter:card\" content=\"summary_large_image\" \/>\n<meta name=\"twitter:label1\" content=\"Gesch\u00e4tzte Lesezeit\" \/>\n\t<meta name=\"twitter:data1\" content=\"1 Minute\" \/>\n<script type=\"application\/ld+json\" class=\"yoast-schema-graph\">{\"@context\":\"https:\/\/schema.org\",\"@graph\":[{\"@type\":\"WebPage\",\"@id\":\"https:\/\/agriturismoilfiordaliso.it\/de\/schwimmbad-asti\/\",\"url\":\"https:\/\/agriturismoilfiordaliso.it\/de\/schwimmbad-asti\/\",\"name\":\"Piscina situata nelle colline astigiane del Piemonte\",\"isPartOf\":{\"@id\":\"https:\/\/agriturismoilfiordaliso.it\/#website\"},\"datePublished\":\"2021-06-16T06:15:03+00:00\",\"dateModified\":\"2021-08-04T09:25:26+00:00\",\"description\":\"Piscina situata nelle colline astigiane del Piemonte. La piscina \u00e8 immersa nel verde e situata su una collinetta.\",\"breadcrumb\":{\"@id\":\"https:\/\/agriturismoilfiordaliso.it\/de\/schwimmbad-asti\/#breadcrumb\"},\"inLanguage\":\"de-DE\",\"potentialAction\":[{\"@type\":\"ReadAction\",\"target\":[\"https:\/\/agriturismoilfiordaliso.it\/de\/schwimmbad-asti\/\"]}]},{\"@type\":\"BreadcrumbList\",\"@id\":\"https:\/\/agriturismoilfiordaliso.it\/de\/schwimmbad-asti\/#breadcrumb\",\"itemListElement\":[{\"@type\":\"ListItem\",\"position\":1,\"name\":\"Home\",\"item\":\"https:\/\/agriturismoilfiordaliso.it\/de\/\"},{\"@type\":\"ListItem\",\"position\":2,\"name\":\"Schwimmbad\"}]},{\"@type\":\"WebSite\",\"@id\":\"https:\/\/agriturismoilfiordaliso.it\/#website\",\"url\":\"https:\/\/agriturismoilfiordaliso.it\/\",\"name\":\"Agriturismo Asti Il Fiordaliso\",\"description\":\"Agriturismo Asti Il Fiordaliso\",\"potentialAction\":[{\"@type\":\"SearchAction\",\"target\":{\"@type\":\"EntryPoint\",\"urlTemplate\":\"https:\/\/agriturismoilfiordaliso.it\/?s={search_term_string}\"},\"query-input\":\"required name=search_term_string\"}],\"inLanguage\":\"de-DE\"}]}<\/script>\n<!-- \/ Yoast SEO plugin. -->","yoast_head_json":{"title":"Piscina situata nelle colline astigiane del Piemonte","description":"Piscina situata nelle colline astigiane del Piemonte. La piscina \u00e8 immersa nel verde e situata su una collinetta.","robots":{"index":"index","follow":"follow","max-snippet":"max-snippet:-1","max-image-preview":"max-image-preview:large","max-video-preview":"max-video-preview:-1"},"canonical":"https:\/\/agriturismoilfiordaliso.it\/de\/schwimmbad-asti\/","og_locale":"de_DE","og_type":"article","og_title":"Piscina situata nelle colline astigiane del Piemonte","og_description":"Piscina situata nelle colline astigiane del Piemonte. La piscina \u00e8 immersa nel verde e situata su una collinetta.","og_url":"https:\/\/agriturismoilfiordaliso.it\/de\/schwimmbad-asti\/","og_site_name":"Agriturismo Asti Il Fiordaliso","article_modified_time":"2021-08-04T09:25:26+00:00","twitter_card":"summary_large_image","twitter_misc":{"Gesch\u00e4tzte Lesezeit":"1 Minute"},"schema":{"@context":"https:\/\/schema.org","@graph":[{"@type":"WebPage","@id":"https:\/\/agriturismoilfiordaliso.it\/de\/schwimmbad-asti\/","url":"https:\/\/agriturismoilfiordaliso.it\/de\/schwimmbad-asti\/","name":"Piscina situata nelle colline astigiane del Piemonte","isPartOf":{"@id":"https:\/\/agriturismoilfiordaliso.it\/#website"},"datePublished":"2021-06-16T06:15:03+00:00","dateModified":"2021-08-04T09:25:26+00:00","description":"Piscina situata nelle colline astigiane del Piemonte. La piscina \u00e8 immersa nel verde e situata su una collinetta.","breadcrumb":{"@id":"https:\/\/agriturismoilfiordaliso.it\/de\/schwimmbad-asti\/#breadcrumb"},"inLanguage":"de-DE","potentialAction":[{"@type":"ReadAction","target":["https:\/\/agriturismoilfiordaliso.it\/de\/schwimmbad-asti\/"]}]},{"@type":"BreadcrumbList","@id":"https:\/\/agriturismoilfiordaliso.it\/de\/schwimmbad-asti\/#breadcrumb","itemListElement":[{"@type":"ListItem","position":1,"name":"Home","item":"https:\/\/agriturismoilfiordaliso.it\/de\/"},{"@type":"ListItem","position":2,"name":"Schwimmbad"}]},{"@type":"WebSite","@id":"https:\/\/agriturismoilfiordaliso.it\/#website","url":"https:\/\/agriturismoilfiordaliso.it\/","name":"Agriturismo Asti Il Fiordaliso","description":"Agriturismo Asti Il Fiordaliso","potentialAction":[{"@type":"SearchAction","target":{"@type":"EntryPoint","urlTemplate":"https:\/\/agriturismoilfiordaliso.it\/?s={search_term_string}"},"query-input":"required name=search_term_string"}],"inLanguage":"de-DE"}]}},"_links":{"self":[{"href":"https:\/\/agriturismoilfiordaliso.it\/de\/wp-json\/wp\/v2\/pages\/1488"}],"collection":[{"href":"https:\/\/agriturismoilfiordaliso.it\/de\/wp-json\/wp\/v2\/pages"}],"about":[{"href":"https:\/\/agriturismoilfiordaliso.it\/de\/wp-json\/wp\/v2\/types\/page"}],"author":[{"embeddable":true,"href":"https:\/\/agriturismoilfiordaliso.it\/de\/wp-json\/wp\/v2\/users\/1"}],"replies":[{"embeddable":true,"href":"https:\/\/agriturismoilfiordaliso.it\/de\/wp-json\/wp\/v2\/comments?post=1488"}],"version-history":[{"count":3,"href":"https:\/\/agriturismoilfiordaliso.it\/de\/wp-json\/wp\/v2\/pages\/1488\/revisions"}],"predecessor-version":[{"id":1494,"href":"https:\/\/agriturismoilfiordaliso.it\/de\/wp-json\/wp\/v2\/pages\/1488\/revisions\/1494"}],"wp:attachment":[{"href":"https:\/\/agriturismoilfiordaliso.it\/de\/wp-json\/wp\/v2\/media?parent=1488"}],"curies":[{"name":"wp","href":"https:\/\/api.w.org\/{rel}","templated":true}]}}