{"id":1496,"date":"2021-06-16T06:18:36","date_gmt":"2021-06-16T06:18:36","guid":{"rendered":"https:\/\/agriturismoilfiordaliso.it\/location-asti\/"},"modified":"2021-08-04T15:35:39","modified_gmt":"2021-08-04T15:35:39","slug":"location-asti","status":"publish","type":"page","link":"https:\/\/agriturismoilfiordaliso.it\/de\/location-asti\/","title":{"rendered":"Location"},"content":{"rendered":"<p>[vc_row css_animation=&#8220;&#8220; row_type=&#8220;row&#8220; use_row_as_full_screen_section=&#8220;no&#8220; type=&#8220;full_width&#8220; angled_section=&#8220;no&#8220; text_align=&#8220;left&#8220; background_image_as_pattern=&#8220;without_pattern&#8220;][vc_column width=&#8220;1\/2&#8243;][vc_empty_space][vc_column_text]<\/p>\n<p class=\"Stile3\">Das Haus im l\u00e4ndlichen Stil stammt aus den Anf\u00e4ngen des 20. Jahrhunderts und wurde vor kurzem unter Bewahrung seiner urspr\u00fcnglichen Substanz behutsam renoviert.<\/p>\n<p>Jedes Haus hat sein eigenes \u201eGesicht\u201c und unsere Unterkunft ist in warmen Farben gehalten, die f\u00fcr Individualit\u00e4t und Gastfreundlichkeit stehen.<\/p>\n<p class=\"Stile3\">Das Ambiente ist schlicht, raffiniert und gem\u00fctlich dank des Kamins und alter M\u00f6bel.<\/p>\n<p>Im oberen Stockwerk wurden drei G\u00e4stezimmer ausgebaut, jedes mit eigenem Badezimmer und einer Terrasse mit Blick auf die gr\u00fcnen H\u00fcgel. Die Terrasse ist mit Gartenm\u00f6beln ausgestattet, dazu bl\u00fchen rote Rosen und Jasmin.<\/p>\n<p>[\/vc_column_text][\/vc_column][vc_column width=&#8220;1\/2&#8243;][vc_empty_space][vc_single_image image=&#8220;1355&#8243; img_size=&#8220;full&#8220; alignment=&#8220;center&#8220; onclick=&#8220;img_link_large&#8220; qode_css_animation=&#8220;element_from_right&#8220;][\/vc_column][\/vc_row][vc_row css_animation=&#8220;&#8220; row_type=&#8220;row&#8220; use_row_as_full_screen_section=&#8220;no&#8220; type=&#8220;full_width&#8220; angled_section=&#8220;no&#8220; text_align=&#8220;left&#8220; background_image_as_pattern=&#8220;without_pattern&#8220;][vc_column][vc_empty_space height=&#8220;50px&#8220;][vc_separator css_animation=&#8220;fadeInLeft&#8220; type=&#8220;normal&#8220; color=&#8220;#4e64bb&#8220;][vc_empty_space height=&#8220;50px&#8220;][\/vc_column][\/vc_row][vc_row css_animation=&#8220;&#8220; row_type=&#8220;row&#8220; use_row_as_full_screen_section=&#8220;no&#8220; type=&#8220;full_width&#8220; angled_section=&#8220;no&#8220; text_align=&#8220;left&#8220; background_image_as_pattern=&#8220;without_pattern&#8220;][vc_column width=&#8220;1\/2&#8243;][vc_single_image image=&#8220;1315&#8243; img_size=&#8220;full&#8220; alignment=&#8220;center&#8220; onclick=&#8220;img_link_large&#8220; qode_css_animation=&#8220;element_from_left&#8220;][vc_empty_space][\/vc_column][vc_column width=&#8220;1\/2&#8243;][vc_column_text]<\/p>\n<p class=\"Stile3\">Das Restaurant befindet sich im Erdgescho\u03b2 (3 R\u00e4ume f\u00fcr insgesamt 60 G\u00e4ste) und umfa\u03b2t eine Terrasse mit einer wundersch\u00f6nen Sicht.<\/p>\n<p>Das Licht ist f\u00fcr uns sehr wichtig. Deswegen haben wir bei der Renovierung neue Fenster auf der Nordseite des Hauses eingebaut, so hat man gleichzeitig von beiden Seiten die Aussicht auf die beruhigende gr\u00fcne Landschaft. F\u00fcr unsere G\u00e4ste ist es wichtig sich bei Tisch wohlzuf\u00fchlen, um eine ausgezeichnete Mahlzeit genie\u00dfen zu k\u00f6nnen. Die beschr\u00e4nkte Anzahl der Pl\u00e4tze und die Verteilung \u00fcber drei R\u00e4ume garantieren Ruhe und Privatsph\u00e4re.<\/p>\n<p>[\/vc_column_text][\/vc_column][\/vc_row][vc_row css_animation=&#8220;&#8220; row_type=&#8220;row&#8220; use_row_as_full_screen_section=&#8220;no&#8220; type=&#8220;full_width&#8220; angled_section=&#8220;no&#8220; text_align=&#8220;left&#8220; background_image_as_pattern=&#8220;without_pattern&#8220;][vc_column][vc_empty_space height=&#8220;50px&#8220;][vc_separator css_animation=&#8220;fadeInLeft&#8220; type=&#8220;normal&#8220; color=&#8220;#4e64bb&#8220;][vc_empty_space height=&#8220;50px&#8220;][\/vc_column][\/vc_row][vc_row css_animation=&#8220;&#8220; row_type=&#8220;row&#8220; use_row_as_full_screen_section=&#8220;no&#8220; type=&#8220;full_width&#8220; angled_section=&#8220;no&#8220; text_align=&#8220;left&#8220; background_image_as_pattern=&#8220;without_pattern&#8220;][vc_column][vc_empty_space][vc_gallery type=&#8220;image_grid&#8220; images=&#8220;1237,1307,1311,1409&#8243; img_size=&#8220;400&#215;250&#8243; column_number=&#8220;2&#8243; grayscale=&#8220;no&#8220; images_space=&#8220;gallery_with_space&#8220;][vc_empty_space][\/vc_column][\/vc_row]<\/p>\n","protected":false},"excerpt":{"rendered":"<p>[vc_row css_animation=&#8220;&#8220; row_type=&#8220;row&#8220; use_row_as_full_screen_section=&#8220;no&#8220; type=&#8220;full_width&#8220; angled_section=&#8220;no&#8220; text_align=&#8220;left&#8220; background_image_as_pattern=&#8220;without_pattern&#8220;][vc_column width=&#8220;1\/2&#8243;][vc_empty_space][vc_column_text] Das Haus im l\u00e4ndlichen Stil stammt aus den Anf\u00e4ngen des 20. Jahrhunderts und wurde vor kurzem unter Bewahrung seiner urspr\u00fcnglichen Substanz behutsam renoviert. Jedes Haus hat sein eigenes \u201eGesicht\u201c und unsere Unterkunft ist in warmen Farben&#8230;<\/p>\n","protected":false},"author":1,"featured_media":0,"parent":0,"menu_order":0,"comment_status":"closed","ping_status":"closed","template":"","meta":[],"yoast_head":"<!-- This site is optimized with the Yoast SEO plugin v19.12 - https:\/\/yoast.com\/wordpress\/plugins\/seo\/ -->\n<title>Locale situato nelle colline astigiane del Piemonte.<\/title>\n<meta name=\"description\" content=\"Locale situato nelle colline astigiane del Piemonte. Il locale \u00e8 semplice e raffinato, accogliente anche per bambini e animali.\" \/>\n<meta name=\"robots\" content=\"index, follow, max-snippet:-1, max-image-preview:large, max-video-preview:-1\" \/>\n<link rel=\"canonical\" href=\"https:\/\/agriturismoilfiordaliso.it\/de\/location-asti\/\" \/>\n<meta property=\"og:locale\" content=\"de_DE\" \/>\n<meta property=\"og:type\" content=\"article\" \/>\n<meta property=\"og:title\" content=\"Locale situato nelle colline astigiane del Piemonte.\" \/>\n<meta property=\"og:description\" content=\"Locale situato nelle colline astigiane del Piemonte. Il locale \u00e8 semplice e raffinato, accogliente anche per bambini e animali.\" \/>\n<meta property=\"og:url\" content=\"https:\/\/agriturismoilfiordaliso.it\/de\/location-asti\/\" \/>\n<meta property=\"og:site_name\" content=\"Agriturismo Asti Il Fiordaliso\" \/>\n<meta property=\"article:modified_time\" content=\"2021-08-04T15:35:39+00:00\" \/>\n<meta name=\"twitter:card\" content=\"summary_large_image\" \/>\n<meta name=\"twitter:label1\" content=\"Gesch\u00e4tzte Lesezeit\" \/>\n\t<meta name=\"twitter:data1\" content=\"2 Minuten\" \/>\n<script type=\"application\/ld+json\" class=\"yoast-schema-graph\">{\"@context\":\"https:\/\/schema.org\",\"@graph\":[{\"@type\":\"WebPage\",\"@id\":\"https:\/\/agriturismoilfiordaliso.it\/de\/location-asti\/\",\"url\":\"https:\/\/agriturismoilfiordaliso.it\/de\/location-asti\/\",\"name\":\"Locale situato nelle colline astigiane del Piemonte.\",\"isPartOf\":{\"@id\":\"https:\/\/agriturismoilfiordaliso.it\/#website\"},\"datePublished\":\"2021-06-16T06:18:36+00:00\",\"dateModified\":\"2021-08-04T15:35:39+00:00\",\"description\":\"Locale situato nelle colline astigiane del Piemonte. Il locale \u00e8 semplice e raffinato, accogliente anche per bambini e animali.\",\"breadcrumb\":{\"@id\":\"https:\/\/agriturismoilfiordaliso.it\/de\/location-asti\/#breadcrumb\"},\"inLanguage\":\"de-DE\",\"potentialAction\":[{\"@type\":\"ReadAction\",\"target\":[\"https:\/\/agriturismoilfiordaliso.it\/de\/location-asti\/\"]}]},{\"@type\":\"BreadcrumbList\",\"@id\":\"https:\/\/agriturismoilfiordaliso.it\/de\/location-asti\/#breadcrumb\",\"itemListElement\":[{\"@type\":\"ListItem\",\"position\":1,\"name\":\"Home\",\"item\":\"https:\/\/agriturismoilfiordaliso.it\/de\/\"},{\"@type\":\"ListItem\",\"position\":2,\"name\":\"Location\"}]},{\"@type\":\"WebSite\",\"@id\":\"https:\/\/agriturismoilfiordaliso.it\/#website\",\"url\":\"https:\/\/agriturismoilfiordaliso.it\/\",\"name\":\"Agriturismo Asti Il Fiordaliso\",\"description\":\"Agriturismo Asti Il Fiordaliso\",\"potentialAction\":[{\"@type\":\"SearchAction\",\"target\":{\"@type\":\"EntryPoint\",\"urlTemplate\":\"https:\/\/agriturismoilfiordaliso.it\/?s={search_term_string}\"},\"query-input\":\"required name=search_term_string\"}],\"inLanguage\":\"de-DE\"}]}<\/script>\n<!-- \/ Yoast SEO plugin. -->","yoast_head_json":{"title":"Locale situato nelle colline astigiane del Piemonte.","description":"Locale situato nelle colline astigiane del Piemonte. Il locale \u00e8 semplice e raffinato, accogliente anche per bambini e animali.","robots":{"index":"index","follow":"follow","max-snippet":"max-snippet:-1","max-image-preview":"max-image-preview:large","max-video-preview":"max-video-preview:-1"},"canonical":"https:\/\/agriturismoilfiordaliso.it\/de\/location-asti\/","og_locale":"de_DE","og_type":"article","og_title":"Locale situato nelle colline astigiane del Piemonte.","og_description":"Locale situato nelle colline astigiane del Piemonte. Il locale \u00e8 semplice e raffinato, accogliente anche per bambini e animali.","og_url":"https:\/\/agriturismoilfiordaliso.it\/de\/location-asti\/","og_site_name":"Agriturismo Asti Il Fiordaliso","article_modified_time":"2021-08-04T15:35:39+00:00","twitter_card":"summary_large_image","twitter_misc":{"Gesch\u00e4tzte Lesezeit":"2 Minuten"},"schema":{"@context":"https:\/\/schema.org","@graph":[{"@type":"WebPage","@id":"https:\/\/agriturismoilfiordaliso.it\/de\/location-asti\/","url":"https:\/\/agriturismoilfiordaliso.it\/de\/location-asti\/","name":"Locale situato nelle colline astigiane del Piemonte.","isPartOf":{"@id":"https:\/\/agriturismoilfiordaliso.it\/#website"},"datePublished":"2021-06-16T06:18:36+00:00","dateModified":"2021-08-04T15:35:39+00:00","description":"Locale situato nelle colline astigiane del Piemonte. Il locale \u00e8 semplice e raffinato, accogliente anche per bambini e animali.","breadcrumb":{"@id":"https:\/\/agriturismoilfiordaliso.it\/de\/location-asti\/#breadcrumb"},"inLanguage":"de-DE","potentialAction":[{"@type":"ReadAction","target":["https:\/\/agriturismoilfiordaliso.it\/de\/location-asti\/"]}]},{"@type":"BreadcrumbList","@id":"https:\/\/agriturismoilfiordaliso.it\/de\/location-asti\/#breadcrumb","itemListElement":[{"@type":"ListItem","position":1,"name":"Home","item":"https:\/\/agriturismoilfiordaliso.it\/de\/"},{"@type":"ListItem","position":2,"name":"Location"}]},{"@type":"WebSite","@id":"https:\/\/agriturismoilfiordaliso.it\/#website","url":"https:\/\/agriturismoilfiordaliso.it\/","name":"Agriturismo Asti Il Fiordaliso","description":"Agriturismo Asti Il Fiordaliso","potentialAction":[{"@type":"SearchAction","target":{"@type":"EntryPoint","urlTemplate":"https:\/\/agriturismoilfiordaliso.it\/?s={search_term_string}"},"query-input":"required name=search_term_string"}],"inLanguage":"de-DE"}]}},"_links":{"self":[{"href":"https:\/\/agriturismoilfiordaliso.it\/de\/wp-json\/wp\/v2\/pages\/1496"}],"collection":[{"href":"https:\/\/agriturismoilfiordaliso.it\/de\/wp-json\/wp\/v2\/pages"}],"about":[{"href":"https:\/\/agriturismoilfiordaliso.it\/de\/wp-json\/wp\/v2\/types\/page"}],"author":[{"embeddable":true,"href":"https:\/\/agriturismoilfiordaliso.it\/de\/wp-json\/wp\/v2\/users\/1"}],"replies":[{"embeddable":true,"href":"https:\/\/agriturismoilfiordaliso.it\/de\/wp-json\/wp\/v2\/comments?post=1496"}],"version-history":[{"count":3,"href":"https:\/\/agriturismoilfiordaliso.it\/de\/wp-json\/wp\/v2\/pages\/1496\/revisions"}],"predecessor-version":[{"id":1559,"href":"https:\/\/agriturismoilfiordaliso.it\/de\/wp-json\/wp\/v2\/pages\/1496\/revisions\/1559"}],"wp:attachment":[{"href":"https:\/\/agriturismoilfiordaliso.it\/de\/wp-json\/wp\/v2\/media?parent=1496"}],"curies":[{"name":"wp","href":"https:\/\/api.w.org\/{rel}","templated":true}]}}