{"id":1502,"date":"2021-06-16T06:17:24","date_gmt":"2021-06-16T06:17:24","guid":{"rendered":"https:\/\/agriturismoilfiordaliso.it\/camere-agriturismo-asti\/"},"modified":"2024-04-28T18:12:17","modified_gmt":"2024-04-28T18:12:17","slug":"zimmer-agriturismo-asti","status":"publish","type":"page","link":"https:\/\/agriturismoilfiordaliso.it\/de\/zimmer-agriturismo-asti\/","title":{"rendered":"ZIMMER"},"content":{"rendered":"<p>[vc_row css_animation=&#8220;&#8220; row_type=&#8220;row&#8220; use_row_as_full_screen_section=&#8220;no&#8220; type=&#8220;full_width&#8220; angled_section=&#8220;no&#8220; text_align=&#8220;left&#8220; background_image_as_pattern=&#8220;without_pattern&#8220;][vc_column][vc_column_text]<strong>EIN LANGSAMER URLAUB IN DER SCH\u00d6NHEIT<\/strong><\/p>\n<p>&nbsp;<\/p>\n<p>F\u00fcr diejenigen, die auf unserem Bauernhof bleiben, bieten wir einen Moment der Ruhe.<\/p>\n<p>Die Ruhe unserer Lage im Gr\u00fcnen, wo nur die Ger\u00e4usche der Natur zu h\u00f6ren sind; das intensive Gr\u00fcn, das uns vollst\u00e4ndig umgibt, schwer in Worte zu fassen; die Harmonie unseres Hauses mit Liebe zum Detail und immer voller Blumen: das sind die Elemente, die zu diesem Wohlbefinden beitragen, w\u00e4hrend sich die Sch\u00f6nheit des Ganzen um die Seele k\u00fcmmert.<\/p>\n<p>&nbsp;<\/p>\n<p>Aus den eben beschriebenen Gr\u00fcnden haben wir uns entschieden, unsere Zimmer f\u00fcr ein erwachsenes Publikum zu reservieren, das auf der Suche nach unserem Angebot ist.<\/p>\n<p>&nbsp;<\/p>\n<p>Unsere drei Zimmer Gaia, Camilla und Iris befinden sich im Obergeschoss; Jedes hat ein eigenes Bad und eine gro\u00dfe m\u00f6blierte und bl\u00fchende Terrasse, von der Sie eine bezaubernde Aussicht genie\u00dfen k\u00f6nnen.<\/p>\n<p>&nbsp;<\/p>\n<p>Die neue Celeste-Suite befindet sich im Erdgeschoss und verf\u00fcgt \u00fcber einen privaten 15 m\u00b2 gro\u00dfen Garten\/Veranda, ausgestattet mit bequemen Sitzen.<\/p>\n<p>&nbsp;<\/p>\n<p>Die M\u00f6bel sind mit authentischen und typischen M\u00f6beln des Landhauses ausgestattet, w\u00e4hrend die ausgew\u00e4hlten Stoffe und Farben die Zimmer fr\u00f6hlich und einladend machen.<\/p>\n<p>&nbsp;<\/p>\n<p>Das s\u00fc\u00dfe und herzhafte Fr\u00fchst\u00fcck wird mit hausgemachten Kuchen, Keksen und Marmeladen sowie Obst und anderen herzhafte Produkte typischen der Region serviert.<\/p>\n<p>Kostenloses WLAN ist im gesamten Bauernhaus sowohl drinnen als auch drau\u00dfen verf\u00fcgbar, einschlie\u00dflich des Poolbereichs.<\/p>\n<p>Unsere Zeiten: Check-In ab 15.00 Uhr, Check-Out 10.30 Uhr.[\/vc_column_text][\/vc_column][\/vc_row][vc_row css_animation=&#8220;&#8220; row_type=&#8220;row&#8220; use_row_as_full_screen_section=&#8220;no&#8220; type=&#8220;full_width&#8220; angled_section=&#8220;no&#8220; text_align=&#8220;left&#8220; background_image_as_pattern=&#8220;without_pattern&#8220;][vc_column][vc_text_separator title=&#8220;Gaia&#8220; border=&#8220;no&#8220;][vc_empty_space][vc_gallery type=&#8220;image_grid&#8220; images=&#8220;614,271,635,1608,281,1630,272,1634,787&#8243; img_size=&#8220;full&#8220; onclick=&#8220;img_link_large&#8220; column_number=&#8220;3&#8243; grayscale=&#8220;no&#8220; images_space=&#8220;gallery_with_space&#8220;][vc_empty_space][\/vc_column][\/vc_row][vc_row css_animation=&#8220;&#8220; row_type=&#8220;row&#8220; use_row_as_full_screen_section=&#8220;no&#8220; type=&#8220;full_width&#8220; angled_section=&#8220;no&#8220; text_align=&#8220;left&#8220; background_image_as_pattern=&#8220;without_pattern&#8220;][vc_column][vc_text_separator title=&#8220;Camilla&#8220; border=&#8220;no&#8220;][vc_empty_space][vc_gallery type=&#8220;image_grid&#8220; images=&#8220;616,640,289,788,1611,1747&#8243; img_size=&#8220;417&#215;278&#8243; onclick=&#8220;img_link_large&#8220; column_number=&#8220;3&#8243; grayscale=&#8220;no&#8220; images_space=&#8220;gallery_with_space&#8220;][vc_empty_space][\/vc_column][\/vc_row][vc_row css_animation=&#8220;&#8220; row_type=&#8220;row&#8220; use_row_as_full_screen_section=&#8220;no&#8220; type=&#8220;full_width&#8220; angled_section=&#8220;no&#8220; text_align=&#8220;left&#8220; background_image_as_pattern=&#8220;without_pattern&#8220;][vc_column][vc_text_separator title=&#8220;Iris&#8220; border=&#8220;no&#8220;][vc_empty_space][vc_gallery type=&#8220;image_grid&#8220; images=&#8220;791,792,1626,1620,1617,1623,1637,794,1744&#8243; img_size=&#8220;full&#8220; onclick=&#8220;img_link_large&#8220; column_number=&#8220;3&#8243; grayscale=&#8220;no&#8220; images_space=&#8220;gallery_with_space&#8220;][vc_empty_space][\/vc_column][\/vc_row][vc_row css_animation=&#8220;&#8220; row_type=&#8220;row&#8220; use_row_as_full_screen_section=&#8220;no&#8220; type=&#8220;full_width&#8220; angled_section=&#8220;no&#8220; text_align=&#8220;left&#8220; background_image_as_pattern=&#8220;without_pattern&#8220;][vc_column][vc_text_separator title=&#8220;Celeste&#8220; border=&#8220;no&#8220;][vc_empty_space][vc_column_text]Neues Zimmer verf\u00fcgbar ab 20. M\u00e4rz, Kingsize-Bett, ebenerdige Dusche, spezieller Platz f\u00fcr zwei gro\u00dfe Koffer und Schuhregal, Lounge, 15 m\u00b2 gro\u00dfer Au\u00dfengarten\/Veranda mit M\u00f6beln.[\/vc_column_text][vc_empty_space][vc_gallery type=&#8220;image_grid&#8220; images=&#8220;1719,1681,1722,1693,1696,1735,1738,1741,1713,1725&#8243; img_size=&#8220;417&#215;313&#8243; onclick=&#8220;img_link_large&#8220; column_number=&#8220;3&#8243; grayscale=&#8220;no&#8220; images_space=&#8220;gallery_with_space&#8220;][vc_empty_space][\/vc_column][\/vc_row]<\/p>\n","protected":false},"excerpt":{"rendered":"<p>[vc_row css_animation=&#8220;&#8220; row_type=&#8220;row&#8220; use_row_as_full_screen_section=&#8220;no&#8220; type=&#8220;full_width&#8220; angled_section=&#8220;no&#8220; text_align=&#8220;left&#8220; background_image_as_pattern=&#8220;without_pattern&#8220;][vc_column][vc_column_text]EIN LANGSAMER URLAUB IN DER SCH\u00d6NHEIT &nbsp; F\u00fcr diejenigen, die auf unserem Bauernhof bleiben, bieten wir einen Moment der Ruhe. Die Ruhe unserer Lage im Gr\u00fcnen, wo nur die Ger\u00e4usche der Natur zu h\u00f6ren sind; das intensive Gr\u00fcn,&#8230;<\/p>\n","protected":false},"author":1,"featured_media":0,"parent":0,"menu_order":0,"comment_status":"closed","ping_status":"closed","template":"","meta":[],"yoast_head":"<!-- This site is optimized with the Yoast SEO plugin v19.12 - https:\/\/yoast.com\/wordpress\/plugins\/seo\/ -->\n<title>Agriturismo immerso nella natura con camere ad Asti<\/title>\n<meta name=\"description\" content=\"Agriturismo immerso nelle colline astigiane; dalle nostre camere si potr\u00e0 ammirare il verde che lo circonda.\" \/>\n<meta name=\"robots\" content=\"index, follow, max-snippet:-1, max-image-preview:large, max-video-preview:-1\" \/>\n<link rel=\"canonical\" href=\"https:\/\/agriturismoilfiordaliso.it\/de\/zimmer-agriturismo-asti\/\" \/>\n<meta property=\"og:locale\" content=\"de_DE\" \/>\n<meta property=\"og:type\" content=\"article\" \/>\n<meta property=\"og:title\" content=\"Agriturismo immerso nella natura con camere ad Asti\" \/>\n<meta property=\"og:description\" content=\"Agriturismo immerso nelle colline astigiane; dalle nostre camere si potr\u00e0 ammirare il verde che lo circonda.\" \/>\n<meta property=\"og:url\" content=\"https:\/\/agriturismoilfiordaliso.it\/de\/zimmer-agriturismo-asti\/\" \/>\n<meta property=\"og:site_name\" content=\"Agriturismo Asti Il Fiordaliso\" \/>\n<meta property=\"article:modified_time\" content=\"2024-04-28T18:12:17+00:00\" \/>\n<meta name=\"twitter:card\" content=\"summary_large_image\" \/>\n<meta name=\"twitter:label1\" content=\"Gesch\u00e4tzte Lesezeit\" \/>\n\t<meta name=\"twitter:data1\" content=\"2 Minuten\" \/>\n<script type=\"application\/ld+json\" class=\"yoast-schema-graph\">{\"@context\":\"https:\/\/schema.org\",\"@graph\":[{\"@type\":\"WebPage\",\"@id\":\"https:\/\/agriturismoilfiordaliso.it\/de\/zimmer-agriturismo-asti\/\",\"url\":\"https:\/\/agriturismoilfiordaliso.it\/de\/zimmer-agriturismo-asti\/\",\"name\":\"Agriturismo immerso nella natura con camere ad Asti\",\"isPartOf\":{\"@id\":\"https:\/\/agriturismoilfiordaliso.it\/#website\"},\"datePublished\":\"2021-06-16T06:17:24+00:00\",\"dateModified\":\"2024-04-28T18:12:17+00:00\",\"description\":\"Agriturismo immerso nelle colline astigiane; dalle nostre camere si potr\u00e0 ammirare il verde che lo circonda.\",\"breadcrumb\":{\"@id\":\"https:\/\/agriturismoilfiordaliso.it\/de\/zimmer-agriturismo-asti\/#breadcrumb\"},\"inLanguage\":\"de-DE\",\"potentialAction\":[{\"@type\":\"ReadAction\",\"target\":[\"https:\/\/agriturismoilfiordaliso.it\/de\/zimmer-agriturismo-asti\/\"]}]},{\"@type\":\"BreadcrumbList\",\"@id\":\"https:\/\/agriturismoilfiordaliso.it\/de\/zimmer-agriturismo-asti\/#breadcrumb\",\"itemListElement\":[{\"@type\":\"ListItem\",\"position\":1,\"name\":\"Home\",\"item\":\"https:\/\/agriturismoilfiordaliso.it\/de\/\"},{\"@type\":\"ListItem\",\"position\":2,\"name\":\"ZIMMER\"}]},{\"@type\":\"WebSite\",\"@id\":\"https:\/\/agriturismoilfiordaliso.it\/#website\",\"url\":\"https:\/\/agriturismoilfiordaliso.it\/\",\"name\":\"Agriturismo Asti Il Fiordaliso\",\"description\":\"Agriturismo Asti Il Fiordaliso\",\"potentialAction\":[{\"@type\":\"SearchAction\",\"target\":{\"@type\":\"EntryPoint\",\"urlTemplate\":\"https:\/\/agriturismoilfiordaliso.it\/?s={search_term_string}\"},\"query-input\":\"required name=search_term_string\"}],\"inLanguage\":\"de-DE\"}]}<\/script>\n<!-- \/ Yoast SEO plugin. -->","yoast_head_json":{"title":"Agriturismo immerso nella natura con camere ad Asti","description":"Agriturismo immerso nelle colline astigiane; dalle nostre camere si potr\u00e0 ammirare il verde che lo circonda.","robots":{"index":"index","follow":"follow","max-snippet":"max-snippet:-1","max-image-preview":"max-image-preview:large","max-video-preview":"max-video-preview:-1"},"canonical":"https:\/\/agriturismoilfiordaliso.it\/de\/zimmer-agriturismo-asti\/","og_locale":"de_DE","og_type":"article","og_title":"Agriturismo immerso nella natura con camere ad Asti","og_description":"Agriturismo immerso nelle colline astigiane; dalle nostre camere si potr\u00e0 ammirare il verde che lo circonda.","og_url":"https:\/\/agriturismoilfiordaliso.it\/de\/zimmer-agriturismo-asti\/","og_site_name":"Agriturismo Asti Il Fiordaliso","article_modified_time":"2024-04-28T18:12:17+00:00","twitter_card":"summary_large_image","twitter_misc":{"Gesch\u00e4tzte Lesezeit":"2 Minuten"},"schema":{"@context":"https:\/\/schema.org","@graph":[{"@type":"WebPage","@id":"https:\/\/agriturismoilfiordaliso.it\/de\/zimmer-agriturismo-asti\/","url":"https:\/\/agriturismoilfiordaliso.it\/de\/zimmer-agriturismo-asti\/","name":"Agriturismo immerso nella natura con camere ad Asti","isPartOf":{"@id":"https:\/\/agriturismoilfiordaliso.it\/#website"},"datePublished":"2021-06-16T06:17:24+00:00","dateModified":"2024-04-28T18:12:17+00:00","description":"Agriturismo immerso nelle colline astigiane; dalle nostre camere si potr\u00e0 ammirare il verde che lo circonda.","breadcrumb":{"@id":"https:\/\/agriturismoilfiordaliso.it\/de\/zimmer-agriturismo-asti\/#breadcrumb"},"inLanguage":"de-DE","potentialAction":[{"@type":"ReadAction","target":["https:\/\/agriturismoilfiordaliso.it\/de\/zimmer-agriturismo-asti\/"]}]},{"@type":"BreadcrumbList","@id":"https:\/\/agriturismoilfiordaliso.it\/de\/zimmer-agriturismo-asti\/#breadcrumb","itemListElement":[{"@type":"ListItem","position":1,"name":"Home","item":"https:\/\/agriturismoilfiordaliso.it\/de\/"},{"@type":"ListItem","position":2,"name":"ZIMMER"}]},{"@type":"WebSite","@id":"https:\/\/agriturismoilfiordaliso.it\/#website","url":"https:\/\/agriturismoilfiordaliso.it\/","name":"Agriturismo Asti Il Fiordaliso","description":"Agriturismo Asti Il Fiordaliso","potentialAction":[{"@type":"SearchAction","target":{"@type":"EntryPoint","urlTemplate":"https:\/\/agriturismoilfiordaliso.it\/?s={search_term_string}"},"query-input":"required name=search_term_string"}],"inLanguage":"de-DE"}]}},"_links":{"self":[{"href":"https:\/\/agriturismoilfiordaliso.it\/de\/wp-json\/wp\/v2\/pages\/1502"}],"collection":[{"href":"https:\/\/agriturismoilfiordaliso.it\/de\/wp-json\/wp\/v2\/pages"}],"about":[{"href":"https:\/\/agriturismoilfiordaliso.it\/de\/wp-json\/wp\/v2\/types\/page"}],"author":[{"embeddable":true,"href":"https:\/\/agriturismoilfiordaliso.it\/de\/wp-json\/wp\/v2\/users\/1"}],"replies":[{"embeddable":true,"href":"https:\/\/agriturismoilfiordaliso.it\/de\/wp-json\/wp\/v2\/comments?post=1502"}],"version-history":[{"count":12,"href":"https:\/\/agriturismoilfiordaliso.it\/de\/wp-json\/wp\/v2\/pages\/1502\/revisions"}],"predecessor-version":[{"id":1755,"href":"https:\/\/agriturismoilfiordaliso.it\/de\/wp-json\/wp\/v2\/pages\/1502\/revisions\/1755"}],"wp:attachment":[{"href":"https:\/\/agriturismoilfiordaliso.it\/de\/wp-json\/wp\/v2\/media?parent=1502"}],"curies":[{"name":"wp","href":"https:\/\/api.w.org\/{rel}","templated":true}]}}