{"id":1517,"date":"2021-06-16T06:16:52","date_gmt":"2021-06-16T06:16:52","guid":{"rendered":"https:\/\/agriturismoilfiordaliso.it\/beb-asti\/"},"modified":"2021-08-04T15:45:23","modified_gmt":"2021-08-04T15:45:23","slug":"beb-asti","status":"publish","type":"page","link":"https:\/\/agriturismoilfiordaliso.it\/de\/beb-asti\/","title":{"rendered":"Wo wir sind"},"content":{"rendered":"<p>[vc_row css_animation=&#8220;&#8220; row_type=&#8220;row&#8220; use_row_as_full_screen_section=&#8220;no&#8220; type=&#8220;full_width&#8220; angled_section=&#8220;no&#8220; text_align=&#8220;left&#8220; background_image_as_pattern=&#8220;without_pattern&#8220;][vc_column width=&#8220;1\/2&#8243;][vc_empty_space][vc_gmaps link=&#8220;#E-8_JTNDaWZyYW1lJTIwc3JjJTNEJTIyaHR0cHMlM0ElMkYlMkZ3d3cuZ29vZ2xlLmNvbSUyRm1hcHMlMkZlbWJlZCUzRnBiJTNEJTIxMW0xOCUyMTFtMTIlMjExbTMlMjExZDI4MjcuNTA4MjkzMDU0NzczJTIxMmQ4LjI2Nzc5MzcxNTc1MjMwNSUyMTNkNDQuODcyMzAzOTgwNzYyMjYlMjEybTMlMjExZjAlMjEyZjAlMjEzZjAlMjEzbTIlMjExaTEwMjQlMjEyaTc2OCUyMTRmMTMuMSUyMTNtMyUyMTFtMiUyMTFzMHg0Nzg3OTIyMGI3MWJjNzVmJTI1M0EweDEyMjUxN2FmYTgzYzNlYWMlMjEyc0F6aWVuZGElMjUyMEFncml0dXJpc3RpY2ElMjUyMElsJTI1MjBGaW9yZGFsaXNvJTIxNWUwJTIxM20yJTIxMXNpdCUyMTJzaXQlMjE0djE2MjM3NTQ5MzQxODElMjE1bTIlMjExc2l0JTIxMnNpdCUyMiUyMHdpZHRoJTNEJTIyNjAwJTIyJTIwaGVpZ2h0JTNEJTIyNDUwJTIyJTIwc3R5bGUlM0QlMjJib3JkZXIlM0EwJTNCJTIyJTIwYWxsb3dmdWxsc2NyZWVuJTNEJTIyJTIyJTIwbG9hZGluZyUzRCUyMmxhenklMjIlM0UlM0MlMkZpZnJhbWUlM0U=&#8220;][\/vc_column][vc_column width=&#8220;1\/2&#8243;][vc_empty_space][vc_column_text]<\/p>\n<p class=\"Stile3\">Farm in der Provinz Asti in Azzano, nur 5 km von der Stadt Asti, 15 Minuten von Alba und 1h 40 Minuten von Mailand, im Herzen des Monferrato, Langhe und Piemont.<\/p>\n<p class=\"Stile3\">Am schnellsten gelangt man zu unserem Agriturismo mit dem Auto (Autobahn A21 Torino &#8211; Piacenza).<\/p>\n<p>Folgen Sie Richtung Asti-Est nach der Mautstelle, dann fahren Sie auf der Schnellstra\u00dfe \u201eTangenziale\u201c in Richtung Alba, um nach 2 Kilometern die Ausfahrt nach Azzano zu nehmen. Folgen Sie den Verkehrsschildern Richtung Azzano und Sie erreichen uns nach ca, 5km. In Azzano den Wegweisern \u201eFiordaliso\u201c folgen.<\/p>\n<p class=\"Stile3\">Unser Agriturismo liegt auf dem Land, auf einem H\u00fcgel in der N\u00e4he des Ortskerns.<br \/>\nEingebettet im Gr\u00fcn der W\u00e4lder und H\u00fcgel weitab von Stra\u00dfen l\u00e4\u00dft die Stille hier Raum f\u00fcr die Kl\u00e4nge der Natur.<\/p>\n<p>Der Agriturismo Fiordaliso ist das letzte Haus der De Pianca Stra\u00dfe, hier endet der Asphaltweg. Da es keinen Durchgangsverkehr gibt, genie\u00dft man gute saubere Luft und Ruhe. Ein weiterf\u00fchrender Feldweg ist ein guter Ausgangspunkt f\u00fcr Wanderungen oder Mountainbiketouren.<\/p>\n<p>[\/vc_column_text][\/vc_column][\/vc_row][vc_row css_animation=&#8220;&#8220; row_type=&#8220;row&#8220; use_row_as_full_screen_section=&#8220;no&#8220; type=&#8220;full_width&#8220; angled_section=&#8220;no&#8220; text_align=&#8220;left&#8220; background_image_as_pattern=&#8220;without_pattern&#8220;][vc_column][vc_empty_space height=&#8220;50px&#8220;][vc_separator css_animation=&#8220;fadeInLeft&#8220; type=&#8220;normal&#8220; color=&#8220;#4e64bb&#8220;][vc_empty_space height=&#8220;50px&#8220;][vc_column_text]Unweit des Hauses liegt ein W\u00e4ldchen mit Holzb\u00e4nken und -Tischen, wo man lesen oder sich ein bi\u00dfchen erholen kann. Oben auf dem H\u00fcgel erstrecken sich: ein Gem\u00fcsegarten, eine Wiese und nahe des Hauses ein Wild-Blumengarten mit einer Unmenge Kornblumen und Klatschmohn, die von Fr\u00fchling bis Sommerbeginn auf jedem freien Platz um die Wette bl\u00fchen.[\/vc_column_text][vc_empty_space height=&#8220;50px&#8220;][\/vc_column][\/vc_row][vc_row css_animation=&#8220;&#8220; row_type=&#8220;row&#8220; use_row_as_full_screen_section=&#8220;no&#8220; type=&#8220;full_width&#8220; angled_section=&#8220;no&#8220; text_align=&#8220;left&#8220; background_image_as_pattern=&#8220;without_pattern&#8220;][vc_column][vc_gallery type=&#8220;image_grid&#8220; images=&#8220;1239,1229,1225,1275,1277,1279&#8243; img_size=&#8220;400&#215;250&#8243; column_number=&#8220;3&#8243; grayscale=&#8220;no&#8220; images_space=&#8220;gallery_with_space&#8220;][\/vc_column][\/vc_row][vc_row css_animation=&#8220;&#8220; row_type=&#8220;row&#8220; use_row_as_full_screen_section=&#8220;no&#8220; type=&#8220;full_width&#8220; angled_section=&#8220;no&#8220; text_align=&#8220;left&#8220; background_image_as_pattern=&#8220;without_pattern&#8220;][vc_column][vc_empty_space height=&#8220;50px&#8220;][\/vc_column][\/vc_row]<\/p>\n","protected":false},"excerpt":{"rendered":"<p>[vc_row css_animation=&#8220;&#8220; row_type=&#8220;row&#8220; use_row_as_full_screen_section=&#8220;no&#8220; type=&#8220;full_width&#8220; angled_section=&#8220;no&#8220; text_align=&#8220;left&#8220; background_image_as_pattern=&#8220;without_pattern&#8220;][vc_column width=&#8220;1\/2&#8243;][vc_empty_space][vc_gmaps link=&#8220;#E-8_JTNDaWZyYW1lJTIwc3JjJTNEJTIyaHR0cHMlM0ElMkYlMkZ3d3cuZ29vZ2xlLmNvbSUyRm1hcHMlMkZlbWJlZCUzRnBiJTNEJTIxMW0xOCUyMTFtMTIlMjExbTMlMjExZDI4MjcuNTA4MjkzMDU0NzczJTIxMmQ4LjI2Nzc5MzcxNTc1MjMwNSUyMTNkNDQuODcyMzAzOTgwNzYyMjYlMjEybTMlMjExZjAlMjEyZjAlMjEzZjAlMjEzbTIlMjExaTEwMjQlMjEyaTc2OCUyMTRmMTMuMSUyMTNtMyUyMTFtMiUyMTFzMHg0Nzg3OTIyMGI3MWJjNzVmJTI1M0EweDEyMjUxN2FmYTgzYzNlYWMlMjEyc0F6aWVuZGElMjUyMEFncml0dXJpc3RpY2ElMjUyMElsJTI1MjBGaW9yZGFsaXNvJTIxNWUwJTIxM20yJTIxMXNpdCUyMTJzaXQlMjE0djE2MjM3NTQ5MzQxODElMjE1bTIlMjExc2l0JTIxMnNpdCUyMiUyMHdpZHRoJTNEJTIyNjAwJTIyJTIwaGVpZ2h0JTNEJTIyNDUwJTIyJTIwc3R5bGUlM0QlMjJib3JkZXIlM0EwJTNCJTIyJTIwYWxsb3dmdWxsc2NyZWVuJTNEJTIyJTIyJTIwbG9hZGluZyUzRCUyMmxhenklMjIlM0UlM0MlMkZpZnJhbWUlM0U=&#8220;][\/vc_column][vc_column width=&#8220;1\/2&#8243;][vc_empty_space][vc_column_text] Farm in der Provinz Asti in Azzano, nur 5 km von der Stadt Asti, 15 Minuten von Alba und 1h 40 Minuten von Mailand, im Herzen des Monferrato, Langhe und Piemont. Am schnellsten gelangt&#8230;<\/p>\n","protected":false},"author":1,"featured_media":0,"parent":0,"menu_order":0,"comment_status":"closed","ping_status":"closed","template":"","meta":[],"yoast_head":"<!-- This site is optimized with the Yoast SEO plugin v19.12 - https:\/\/yoast.com\/wordpress\/plugins\/seo\/ -->\n<title>Agriturismo e beb situato nelle colline astigiane del Piemonte<\/title>\n<meta name=\"description\" content=\"Agriturismo e beb situato nelle colline astigiane del Piemonte. Luogo molto tranquillo non lontano da Asti.\" \/>\n<meta name=\"robots\" content=\"index, follow, max-snippet:-1, max-image-preview:large, max-video-preview:-1\" \/>\n<link rel=\"canonical\" href=\"https:\/\/agriturismoilfiordaliso.it\/de\/beb-asti\/\" \/>\n<meta property=\"og:locale\" content=\"de_DE\" \/>\n<meta property=\"og:type\" content=\"article\" \/>\n<meta property=\"og:title\" content=\"Agriturismo e beb situato nelle colline astigiane del Piemonte\" \/>\n<meta property=\"og:description\" content=\"Agriturismo e beb situato nelle colline astigiane del Piemonte. Luogo molto tranquillo non lontano da Asti.\" \/>\n<meta property=\"og:url\" content=\"https:\/\/agriturismoilfiordaliso.it\/de\/beb-asti\/\" \/>\n<meta property=\"og:site_name\" content=\"Agriturismo Asti Il Fiordaliso\" \/>\n<meta property=\"article:modified_time\" content=\"2021-08-04T15:45:23+00:00\" \/>\n<meta name=\"twitter:card\" content=\"summary_large_image\" \/>\n<meta name=\"twitter:label1\" content=\"Gesch\u00e4tzte Lesezeit\" \/>\n\t<meta name=\"twitter:data1\" content=\"2 Minuten\" \/>\n<script type=\"application\/ld+json\" class=\"yoast-schema-graph\">{\"@context\":\"https:\/\/schema.org\",\"@graph\":[{\"@type\":\"WebPage\",\"@id\":\"https:\/\/agriturismoilfiordaliso.it\/de\/beb-asti\/\",\"url\":\"https:\/\/agriturismoilfiordaliso.it\/de\/beb-asti\/\",\"name\":\"Agriturismo e beb situato nelle colline astigiane del Piemonte\",\"isPartOf\":{\"@id\":\"https:\/\/agriturismoilfiordaliso.it\/#website\"},\"datePublished\":\"2021-06-16T06:16:52+00:00\",\"dateModified\":\"2021-08-04T15:45:23+00:00\",\"description\":\"Agriturismo e beb situato nelle colline astigiane del Piemonte. Luogo molto tranquillo non lontano da Asti.\",\"breadcrumb\":{\"@id\":\"https:\/\/agriturismoilfiordaliso.it\/de\/beb-asti\/#breadcrumb\"},\"inLanguage\":\"de-DE\",\"potentialAction\":[{\"@type\":\"ReadAction\",\"target\":[\"https:\/\/agriturismoilfiordaliso.it\/de\/beb-asti\/\"]}]},{\"@type\":\"BreadcrumbList\",\"@id\":\"https:\/\/agriturismoilfiordaliso.it\/de\/beb-asti\/#breadcrumb\",\"itemListElement\":[{\"@type\":\"ListItem\",\"position\":1,\"name\":\"Home\",\"item\":\"https:\/\/agriturismoilfiordaliso.it\/de\/\"},{\"@type\":\"ListItem\",\"position\":2,\"name\":\"Wo wir sind\"}]},{\"@type\":\"WebSite\",\"@id\":\"https:\/\/agriturismoilfiordaliso.it\/#website\",\"url\":\"https:\/\/agriturismoilfiordaliso.it\/\",\"name\":\"Agriturismo Asti Il Fiordaliso\",\"description\":\"Agriturismo Asti Il Fiordaliso\",\"potentialAction\":[{\"@type\":\"SearchAction\",\"target\":{\"@type\":\"EntryPoint\",\"urlTemplate\":\"https:\/\/agriturismoilfiordaliso.it\/?s={search_term_string}\"},\"query-input\":\"required name=search_term_string\"}],\"inLanguage\":\"de-DE\"}]}<\/script>\n<!-- \/ Yoast SEO plugin. -->","yoast_head_json":{"title":"Agriturismo e beb situato nelle colline astigiane del Piemonte","description":"Agriturismo e beb situato nelle colline astigiane del Piemonte. Luogo molto tranquillo non lontano da Asti.","robots":{"index":"index","follow":"follow","max-snippet":"max-snippet:-1","max-image-preview":"max-image-preview:large","max-video-preview":"max-video-preview:-1"},"canonical":"https:\/\/agriturismoilfiordaliso.it\/de\/beb-asti\/","og_locale":"de_DE","og_type":"article","og_title":"Agriturismo e beb situato nelle colline astigiane del Piemonte","og_description":"Agriturismo e beb situato nelle colline astigiane del Piemonte. Luogo molto tranquillo non lontano da Asti.","og_url":"https:\/\/agriturismoilfiordaliso.it\/de\/beb-asti\/","og_site_name":"Agriturismo Asti Il Fiordaliso","article_modified_time":"2021-08-04T15:45:23+00:00","twitter_card":"summary_large_image","twitter_misc":{"Gesch\u00e4tzte Lesezeit":"2 Minuten"},"schema":{"@context":"https:\/\/schema.org","@graph":[{"@type":"WebPage","@id":"https:\/\/agriturismoilfiordaliso.it\/de\/beb-asti\/","url":"https:\/\/agriturismoilfiordaliso.it\/de\/beb-asti\/","name":"Agriturismo e beb situato nelle colline astigiane del Piemonte","isPartOf":{"@id":"https:\/\/agriturismoilfiordaliso.it\/#website"},"datePublished":"2021-06-16T06:16:52+00:00","dateModified":"2021-08-04T15:45:23+00:00","description":"Agriturismo e beb situato nelle colline astigiane del Piemonte. Luogo molto tranquillo non lontano da Asti.","breadcrumb":{"@id":"https:\/\/agriturismoilfiordaliso.it\/de\/beb-asti\/#breadcrumb"},"inLanguage":"de-DE","potentialAction":[{"@type":"ReadAction","target":["https:\/\/agriturismoilfiordaliso.it\/de\/beb-asti\/"]}]},{"@type":"BreadcrumbList","@id":"https:\/\/agriturismoilfiordaliso.it\/de\/beb-asti\/#breadcrumb","itemListElement":[{"@type":"ListItem","position":1,"name":"Home","item":"https:\/\/agriturismoilfiordaliso.it\/de\/"},{"@type":"ListItem","position":2,"name":"Wo wir sind"}]},{"@type":"WebSite","@id":"https:\/\/agriturismoilfiordaliso.it\/#website","url":"https:\/\/agriturismoilfiordaliso.it\/","name":"Agriturismo Asti Il Fiordaliso","description":"Agriturismo Asti Il Fiordaliso","potentialAction":[{"@type":"SearchAction","target":{"@type":"EntryPoint","urlTemplate":"https:\/\/agriturismoilfiordaliso.it\/?s={search_term_string}"},"query-input":"required name=search_term_string"}],"inLanguage":"de-DE"}]}},"_links":{"self":[{"href":"https:\/\/agriturismoilfiordaliso.it\/de\/wp-json\/wp\/v2\/pages\/1517"}],"collection":[{"href":"https:\/\/agriturismoilfiordaliso.it\/de\/wp-json\/wp\/v2\/pages"}],"about":[{"href":"https:\/\/agriturismoilfiordaliso.it\/de\/wp-json\/wp\/v2\/types\/page"}],"author":[{"embeddable":true,"href":"https:\/\/agriturismoilfiordaliso.it\/de\/wp-json\/wp\/v2\/users\/1"}],"replies":[{"embeddable":true,"href":"https:\/\/agriturismoilfiordaliso.it\/de\/wp-json\/wp\/v2\/comments?post=1517"}],"version-history":[{"count":3,"href":"https:\/\/agriturismoilfiordaliso.it\/de\/wp-json\/wp\/v2\/pages\/1517\/revisions"}],"predecessor-version":[{"id":1562,"href":"https:\/\/agriturismoilfiordaliso.it\/de\/wp-json\/wp\/v2\/pages\/1517\/revisions\/1562"}],"wp:attachment":[{"href":"https:\/\/agriturismoilfiordaliso.it\/de\/wp-json\/wp\/v2\/media?parent=1517"}],"curies":[{"name":"wp","href":"https:\/\/api.w.org\/{rel}","templated":true}]}}