{"id":1459,"date":"2021-06-16T08:56:54","date_gmt":"2021-06-16T08:56:54","guid":{"rendered":"https:\/\/agriturismoilfiordaliso.it\/affittacamere-asti\/"},"modified":"2021-08-04T08:57:20","modified_gmt":"2021-08-04T08:57:20","slug":"the-cornflower","status":"publish","type":"page","link":"https:\/\/agriturismoilfiordaliso.it\/en\/the-cornflower\/","title":{"rendered":"The Cornflower"},"content":{"rendered":"<p>[vc_row css_animation=&#8221;&#8221; row_type=&#8221;row&#8221; use_row_as_full_screen_section=&#8221;no&#8221; type=&#8221;full_width&#8221; angled_section=&#8221;no&#8221; text_align=&#8221;left&#8221; background_image_as_pattern=&#8221;without_pattern&#8221;][vc_column][vc_empty_space][vc_column_text]<\/p>\n<p class=\"Stile3\">We chose this name for our holiday farm because we love flowers, in particular the cornflower. It is a simple, beautiful country flower, as simple as we would like our world to be.<br \/>\nUnfortunately, it is becoming increasingly rare and for this reason we are trying to promote it. Sometimes we offer plants and seeds as gifts to our guests and we invite them to see it in full bloom, together with the poppies, from the beginning of April until June.<\/p>\n<p class=\"Stile3\">It is a very ancient flower whose first traces date back to the Neolithic age. It grows wild in the whole Mediterranean area and, in the Italian iconography of the last century, it is often associated with ripe cornfields and poppies.<\/p>\n<p>Many legends refer to this flower whose scientific name is Centaurea Cyanus. According to the most ancient one, the goddess Flora, after finding her love Cyanus dead in a field full of cornflowers, wanted the flowers to be named after him.<\/p>\n<p>Centaurea derives from the centaur Chirone who, after having been wounded in the foot by a poisoned arrow shot by Hercules, was cured with the juice of the cornflower and saved. In Eastern countries, if a man offers cornflowers to his love, it means that he hopes to find true happiness with her.\u00a0<strong>In the language of flowers, it symbolizes happiness<\/strong>. For others, its airy petals symbolize lightness.<\/p>\n<p>It\u2019s an annual, herbaceous plant, with an erect, branched stem. Its height varies from 30cm to 80 cm, depending on the type.<br \/>\nIt grows in dry soils and the wild variety prefers dry, stony ground with full exposure to the sun.<br \/>\nIt reproduces by seeds in September and it blooms from May to July. If you cut the flower heads, you can prolong flowering.[\/vc_column_text][vc_empty_space height=&#8221;50px&#8221;][\/vc_column][\/vc_row][vc_row css_animation=&#8221;&#8221; row_type=&#8221;row&#8221; use_row_as_full_screen_section=&#8221;no&#8221; type=&#8221;full_width&#8221; angled_section=&#8221;no&#8221; text_align=&#8221;left&#8221; background_image_as_pattern=&#8221;without_pattern&#8221;][vc_column width=&#8221;1\/4&#8243;][vc_single_image image=&#8221;1202&#8243; img_size=&#8221;full&#8221; alignment=&#8221;center&#8221; onclick=&#8221;img_link_large&#8221; qode_css_animation=&#8221;element_from_left&#8221;][vc_empty_space height=&#8221;50px&#8221;][\/vc_column][vc_column width=&#8221;1\/4&#8243;][vc_single_image image=&#8221;1204&#8243; img_size=&#8221;full&#8221; alignment=&#8221;center&#8221; onclick=&#8221;img_link_large&#8221; qode_css_animation=&#8221;element_from_top&#8221;][vc_empty_space height=&#8221;50px&#8221;][\/vc_column][vc_column width=&#8221;1\/4&#8243;][vc_single_image image=&#8221;1206&#8243; img_size=&#8221;full&#8221; alignment=&#8221;center&#8221; onclick=&#8221;img_link_large&#8221; qode_css_animation=&#8221;element_from_bottom&#8221;][vc_empty_space height=&#8221;50px&#8221;][\/vc_column][vc_column width=&#8221;1\/4&#8243;][vc_single_image image=&#8221;1208&#8243; img_size=&#8221;full&#8221; alignment=&#8221;center&#8221; onclick=&#8221;img_link_large&#8221; qode_css_animation=&#8221;element_from_right&#8221;][vc_empty_space height=&#8221;50px&#8221;][\/vc_column][\/vc_row]<\/p>\n","protected":false},"excerpt":{"rendered":"<p>[vc_row css_animation=&#8221;&#8221; row_type=&#8221;row&#8221; use_row_as_full_screen_section=&#8221;no&#8221; type=&#8221;full_width&#8221; angled_section=&#8221;no&#8221; text_align=&#8221;left&#8221; background_image_as_pattern=&#8221;without_pattern&#8221;][vc_column][vc_empty_space][vc_column_text] We chose this name for our holiday farm because we love flowers, in particular the cornflower. It is a simple, beautiful country flower, as simple as we would like our world to be. Unfortunately, it is becoming&#8230;<\/p>\n","protected":false},"author":1,"featured_media":0,"parent":0,"menu_order":0,"comment_status":"closed","ping_status":"closed","template":"","meta":[],"yoast_head":"<!-- This site is optimized with the Yoast SEO plugin v19.12 - https:\/\/yoast.com\/wordpress\/plugins\/seo\/ -->\n<title>Affitta camere situato nelle colline astigiane del Piemonte<\/title>\n<meta name=\"description\" content=\"Il Fiordaliso \u00e8 stato scelto come nome del nostro agriturismo in quanto lo amiamo molto, in particolare perch\u00e9 \u00e8 un fiore di campagna.\" \/>\n<meta name=\"robots\" content=\"index, follow, max-snippet:-1, max-image-preview:large, max-video-preview:-1\" \/>\n<link rel=\"canonical\" href=\"https:\/\/agriturismoilfiordaliso.it\/en\/the-cornflower\/\" \/>\n<meta property=\"og:locale\" content=\"en_US\" \/>\n<meta property=\"og:type\" content=\"article\" \/>\n<meta property=\"og:title\" content=\"Affitta camere situato nelle colline astigiane del Piemonte\" \/>\n<meta property=\"og:description\" content=\"Il Fiordaliso \u00e8 stato scelto come nome del nostro agriturismo in quanto lo amiamo molto, in particolare perch\u00e9 \u00e8 un fiore di campagna.\" \/>\n<meta property=\"og:url\" content=\"https:\/\/agriturismoilfiordaliso.it\/en\/the-cornflower\/\" \/>\n<meta property=\"og:site_name\" content=\"Agriturismo Asti Il Fiordaliso\" \/>\n<meta property=\"article:modified_time\" content=\"2021-08-04T08:57:20+00:00\" \/>\n<meta name=\"twitter:card\" content=\"summary_large_image\" \/>\n<meta name=\"twitter:label1\" content=\"Est. reading time\" \/>\n\t<meta name=\"twitter:data1\" content=\"2 minutes\" \/>\n<script type=\"application\/ld+json\" class=\"yoast-schema-graph\">{\"@context\":\"https:\/\/schema.org\",\"@graph\":[{\"@type\":\"WebPage\",\"@id\":\"https:\/\/agriturismoilfiordaliso.it\/en\/the-cornflower\/\",\"url\":\"https:\/\/agriturismoilfiordaliso.it\/en\/the-cornflower\/\",\"name\":\"Affitta camere situato nelle colline astigiane del Piemonte\",\"isPartOf\":{\"@id\":\"https:\/\/agriturismoilfiordaliso.it\/#website\"},\"datePublished\":\"2021-06-16T08:56:54+00:00\",\"dateModified\":\"2021-08-04T08:57:20+00:00\",\"description\":\"Il Fiordaliso \u00e8 stato scelto come nome del nostro agriturismo in quanto lo amiamo molto, in particolare perch\u00e9 \u00e8 un fiore di campagna.\",\"breadcrumb\":{\"@id\":\"https:\/\/agriturismoilfiordaliso.it\/en\/the-cornflower\/#breadcrumb\"},\"inLanguage\":\"en-US\",\"potentialAction\":[{\"@type\":\"ReadAction\",\"target\":[\"https:\/\/agriturismoilfiordaliso.it\/en\/the-cornflower\/\"]}]},{\"@type\":\"BreadcrumbList\",\"@id\":\"https:\/\/agriturismoilfiordaliso.it\/en\/the-cornflower\/#breadcrumb\",\"itemListElement\":[{\"@type\":\"ListItem\",\"position\":1,\"name\":\"Home\",\"item\":\"https:\/\/agriturismoilfiordaliso.it\/en\/\"},{\"@type\":\"ListItem\",\"position\":2,\"name\":\"The Cornflower\"}]},{\"@type\":\"WebSite\",\"@id\":\"https:\/\/agriturismoilfiordaliso.it\/#website\",\"url\":\"https:\/\/agriturismoilfiordaliso.it\/\",\"name\":\"Agriturismo Asti Il Fiordaliso\",\"description\":\"Agriturismo Asti Il Fiordaliso\",\"potentialAction\":[{\"@type\":\"SearchAction\",\"target\":{\"@type\":\"EntryPoint\",\"urlTemplate\":\"https:\/\/agriturismoilfiordaliso.it\/?s={search_term_string}\"},\"query-input\":\"required name=search_term_string\"}],\"inLanguage\":\"en-US\"}]}<\/script>\n<!-- \/ Yoast SEO plugin. -->","yoast_head_json":{"title":"Affitta camere situato nelle colline astigiane del Piemonte","description":"Il Fiordaliso \u00e8 stato scelto come nome del nostro agriturismo in quanto lo amiamo molto, in particolare perch\u00e9 \u00e8 un fiore di campagna.","robots":{"index":"index","follow":"follow","max-snippet":"max-snippet:-1","max-image-preview":"max-image-preview:large","max-video-preview":"max-video-preview:-1"},"canonical":"https:\/\/agriturismoilfiordaliso.it\/en\/the-cornflower\/","og_locale":"en_US","og_type":"article","og_title":"Affitta camere situato nelle colline astigiane del Piemonte","og_description":"Il Fiordaliso \u00e8 stato scelto come nome del nostro agriturismo in quanto lo amiamo molto, in particolare perch\u00e9 \u00e8 un fiore di campagna.","og_url":"https:\/\/agriturismoilfiordaliso.it\/en\/the-cornflower\/","og_site_name":"Agriturismo Asti Il Fiordaliso","article_modified_time":"2021-08-04T08:57:20+00:00","twitter_card":"summary_large_image","twitter_misc":{"Est. reading time":"2 minutes"},"schema":{"@context":"https:\/\/schema.org","@graph":[{"@type":"WebPage","@id":"https:\/\/agriturismoilfiordaliso.it\/en\/the-cornflower\/","url":"https:\/\/agriturismoilfiordaliso.it\/en\/the-cornflower\/","name":"Affitta camere situato nelle colline astigiane del Piemonte","isPartOf":{"@id":"https:\/\/agriturismoilfiordaliso.it\/#website"},"datePublished":"2021-06-16T08:56:54+00:00","dateModified":"2021-08-04T08:57:20+00:00","description":"Il Fiordaliso \u00e8 stato scelto come nome del nostro agriturismo in quanto lo amiamo molto, in particolare perch\u00e9 \u00e8 un fiore di campagna.","breadcrumb":{"@id":"https:\/\/agriturismoilfiordaliso.it\/en\/the-cornflower\/#breadcrumb"},"inLanguage":"en-US","potentialAction":[{"@type":"ReadAction","target":["https:\/\/agriturismoilfiordaliso.it\/en\/the-cornflower\/"]}]},{"@type":"BreadcrumbList","@id":"https:\/\/agriturismoilfiordaliso.it\/en\/the-cornflower\/#breadcrumb","itemListElement":[{"@type":"ListItem","position":1,"name":"Home","item":"https:\/\/agriturismoilfiordaliso.it\/en\/"},{"@type":"ListItem","position":2,"name":"The Cornflower"}]},{"@type":"WebSite","@id":"https:\/\/agriturismoilfiordaliso.it\/#website","url":"https:\/\/agriturismoilfiordaliso.it\/","name":"Agriturismo Asti Il Fiordaliso","description":"Agriturismo Asti Il Fiordaliso","potentialAction":[{"@type":"SearchAction","target":{"@type":"EntryPoint","urlTemplate":"https:\/\/agriturismoilfiordaliso.it\/?s={search_term_string}"},"query-input":"required name=search_term_string"}],"inLanguage":"en-US"}]}},"_links":{"self":[{"href":"https:\/\/agriturismoilfiordaliso.it\/en\/wp-json\/wp\/v2\/pages\/1459"}],"collection":[{"href":"https:\/\/agriturismoilfiordaliso.it\/en\/wp-json\/wp\/v2\/pages"}],"about":[{"href":"https:\/\/agriturismoilfiordaliso.it\/en\/wp-json\/wp\/v2\/types\/page"}],"author":[{"embeddable":true,"href":"https:\/\/agriturismoilfiordaliso.it\/en\/wp-json\/wp\/v2\/users\/1"}],"replies":[{"embeddable":true,"href":"https:\/\/agriturismoilfiordaliso.it\/en\/wp-json\/wp\/v2\/comments?post=1459"}],"version-history":[{"count":2,"href":"https:\/\/agriturismoilfiordaliso.it\/en\/wp-json\/wp\/v2\/pages\/1459\/revisions"}],"predecessor-version":[{"id":1463,"href":"https:\/\/agriturismoilfiordaliso.it\/en\/wp-json\/wp\/v2\/pages\/1459\/revisions\/1463"}],"wp:attachment":[{"href":"https:\/\/agriturismoilfiordaliso.it\/en\/wp-json\/wp\/v2\/media?parent=1459"}],"curies":[{"name":"wp","href":"https:\/\/api.w.org\/{rel}","templated":true}]}}